{"id":392,"date":"2018-07-26T07:17:24","date_gmt":"2018-07-26T07:17:24","guid":{"rendered":"http:\/\/lmsdemo.loc\/lms-white\/?page_id=392"},"modified":"2023-12-21T15:24:15","modified_gmt":"2023-12-21T15:24:15","slug":"quien-soy","status":"publish","type":"page","link":"https:\/\/soledadmartinezaparicio.com\/en\/quien-soy\/","title":{"rendered":"Who is Soledad"},"content":{"rendered":"<div class=\"wpb-content-wrapper\"><div class=\"vc_row wpb_row vc_row-fluid\">\n        <div class=\"wpb_column vc_column_container vc_col-sm-12\"><div class=\"vc_column-inner\"><div class=\"wpb_wrapper\">\n\t\t\t<!-- START Bio REVOLUTION SLIDER 6.6.18 --><p class=\"rs-p-wp-fix\"><\/p>\n\t\t\t<rs-module-wrap id=\"rev_slider_2_1_wrapper\" data-source=\"gallery\" style=\"visibility:hidden;background:transparent;padding:0;margin:0px auto;margin-top:0;margin-bottom:0;\">\n\t\t\t\t<rs-module id=\"rev_slider_2_1\" style=\"\" data-version=\"6.6.18\">\n\t\t\t\t\t<rs-slides style=\"overflow: hidden; position: absolute;\">\n\t\t\t\t\t\t<rs-slide style=\"position: absolute;\" data-key=\"rs-2\" data-title=\"Living\" data-in=\"o:0;\" data-out=\"a:false;\">\n\t\t\t\t\t\t\t<img decoding=\"async\" src=\"\/\/soledadmartinezaparicio.com\/wp-content\/plugins\/revslider\/public\/assets\/assets\/dummy.png\" alt=\"\" title=\"SMA_33\" width=\"1920\" height=\"1080\" class=\"rev-slidebg tp-rs-img rs-lazyload\" data-lazyload=\"\/\/soledadmartinezaparicio.com\/wp-content\/uploads\/2023\/09\/SMA_33.jpg\" data-parallax=\"off\" data-panzoom=\"d:10000;ss:100;se:120%;os:100px\/0;oe:0\/-100px;\" data-no-retina>\n<!---->\t\t\t\t\t\t<\/rs-slide>\n\t\t\t\t\t<\/rs-slides>\n\t\t\t\t<\/rs-module>\n\t\t\t\t<script>\n\t\t\t\t\tsetREVStartSize({c: 'rev_slider_2_1',rl:[1240,1024,778,480],el:[400],gw:[1240],gh:[400],type:'standard',justify:'',layout:'fullwidth',mh:\"0\"});if (window.RS_MODULES!==undefined && window.RS_MODULES.modules!==undefined && window.RS_MODULES.modules[\"revslider21\"]!==undefined) {window.RS_MODULES.modules[\"revslider21\"].once = false;window.revapi2 = undefined;if (window.RS_MODULES.checkMinimal!==undefined) window.RS_MODULES.checkMinimal()}\n\t\t\t\t<\/script>\n\t\t\t<\/rs-module-wrap>\n\t\t\t<!-- END REVOLUTION SLIDER -->\n<\/div><\/div><\/div><\/div>\n\n<div class=\"vc_row wpb_row vc_row-fluid title\">\n        <div class=\"wpb_column vc_column_container vc_col-sm-12\"><div class=\"vc_column-inner\"><div class=\"wpb_wrapper\"><div class=\"vc_row wpb_row vc_inner vc_row-fluid swap-on-mobile vc_custom_1698337978257\"><div class=\"wpb_column vc_column_container vc_col-sm-3\/5\"><div class=\"vc_column-inner\"><div class=\"wpb_wrapper\">\n<div class=\"aea5d2f1c4608232e07d3aa3d998e5135 vc_empty_space\"\n         style=\"height: 64px\" >\n    <span class=\"vc_empty_space_inner\"><\/span>\n<\/div>\n\n\t<div class=\"wpb_text_column wpb_content_element \" >\n\t\t<div class=\"wpb_wrapper\">\n\t\t\t<h2 style=\"text-align: left\">SOLEDAD<\/h2>\n\n\t\t<\/div>\n\t<\/div>\n\n\t<div class=\"wpb_text_column wpb_content_element  handletters subtitle sub_xs\" >\n\t\t<div class=\"wpb_wrapper\">\n\t\t\t<p>MartinezAparicio<\/p>\n\n\t\t<\/div>\n\t<\/div>\n\n\t<div class=\"wpb_text_column wpb_content_element \" >\n\t\t<div class=\"wpb_wrapper\">\n\t\t\t<p>La pasi\u00f3n por el dise\u00f1o de interiores ha movido mi vida desde que era muy joven. La experiencia de tantos a\u00f1os me ha convertido es experta en temas de composici\u00f3n de espacios y su funcionalidad. Guiada siempre por la intuici\u00f3n y la creatividad me relaciono de forma asertiva con conceptos del interiorismo como: dimensiones, vol\u00famenes y distancias, para luego convertirlos en espacios llenos de distinci\u00f3n, frescura e innovaci\u00f3n. Tambi\u00e9n, soy esposa, madre de cuatro hijos, amante de la buena cocina, viajes, y orgullosamente barranquillera.<\/p>\n\n\t\t<\/div>\n\t<\/div>\n\n\n\t<div class=\"heading_font text-left  vc_custom_1698336992871 btn_number_44332\">\n\t\t<a href=\"https:\/\/soledadmartinezaparicio.com\/contacto\/\" class=\"btn btn-default btn-no-icon btn-normal-size\" title=\"Trabajemos juntos\" style=\"color:#ae8931; background-color:transparent; border-color:#ae8931;\" >\n\t\t\t\t\t\t<span class=\"link-title\" style=\"background-color:transparent;\">Trabajemos Juntos<\/span>\n\t\t<\/a>\n\t<\/div>\n\n<style>\n\t\t\t.btn_number_44332 .btn.btn-default:after {\n\t\t\tbackground-color: transparent;\n\t\t}\n\t\n\t\t\t.btn_number_44332 .btn.btn-default:hover {\n\t\t\tcolor: #3f0d0c !important;\n\t\t}\n\t\n\t\t\t.btn_number_44332 .icon-btn:hover .link-title{\n\t\t\tcolor: #3f0d0c !important;\n\t\t}\n\t\n\t\t\t.btn_number_44332 .icon-btn:hover .link-title {\n\t\t\tbackground-color: transparent !important;\n\t\t}\n\t\n\t\t\t.btn_number_44332 .icon-btn:hover{\n\t\t\tborder-color: #3f0d0c !important;\n\t\t}\n\t\t.btn_number_44332 .icon-btn:hover .icon_in_btn{\n\t\t\tcolor: #3f0d0c !important;\n\t\t\tborder-color: #3f0d0c !important;\n\t\t}\n\t\n<\/style>\n<\/div><\/div><\/div><div class=\"wpb_column vc_column_container vc_col-sm-2\/5\"><div class=\"vc_column-inner\"><div class=\"wpb_wrapper\">\n\t<div  class=\"wpb_single_image wpb_content_element vc_align_left  vc_custom_1698337040599  no-margin\">\n\t\t\n\t\t<figure class=\"wpb_wrapper vc_figure\">\n\t\t\t<div class=\"vc_single_image-wrapper vc_box_rounded  vc_box_border_grey\"><img loading=\"lazy\" decoding=\"async\" width=\"1080\" height=\"1942\" src=\"https:\/\/soledadmartinezaparicio.com\/wp-content\/uploads\/2023\/09\/acercademi.jpg\" class=\"vc_single_image-img attachment-full\" alt=\"\" title=\"acercademi\" srcset=\"https:\/\/soledadmartinezaparicio.com\/wp-content\/uploads\/2023\/09\/acercademi.jpg 1080w, https:\/\/soledadmartinezaparicio.com\/wp-content\/uploads\/2023\/09\/acercademi-167x300.jpg 167w, https:\/\/soledadmartinezaparicio.com\/wp-content\/uploads\/2023\/09\/acercademi-569x1024.jpg 569w, https:\/\/soledadmartinezaparicio.com\/wp-content\/uploads\/2023\/09\/acercademi-768x1381.jpg 768w, https:\/\/soledadmartinezaparicio.com\/wp-content\/uploads\/2023\/09\/acercademi-854x1536.jpg 854w, https:\/\/soledadmartinezaparicio.com\/wp-content\/uploads\/2023\/09\/acercademi-600x1079.jpg 600w\" sizes=\"auto, (max-width: 1080px) 100vw, 1080px\" \/><\/div>\n\t\t<\/figure>\n\t<\/div>\n<\/div><\/div><\/div><\/div><div class=\"vc_row wpb_row vc_inner vc_row-fluid vc_row-o-equal-height vc_row-o-content-middle vc_row-flex\"><div class=\"wpb_column vc_column_container vc_col-sm-6\"><div class=\"vc_column-inner\"><div class=\"wpb_wrapper\">\n\t<div  class=\"wpb_single_image wpb_content_element vc_align_center  vc_custom_1698337756710\">\n\t\t\n\t\t<figure class=\"wpb_wrapper vc_figure\">\n\t\t\t<div class=\"vc_single_image-wrapper vc_box_rounded  vc_box_border_grey\"><img decoding=\"async\" srcset=\"https:\/\/soledadmartinezaparicio.com\/wp-content\/uploads\/2023\/09\/SMA_34-1056x1056.jpg 2x\" class=\"vc_single_image-img \" src=\"https:\/\/soledadmartinezaparicio.com\/wp-content\/uploads\/2023\/09\/SMA_34-528x528.jpg\" width=\"528\" height=\"528\" alt=\"SMA_34\" title=\"SMA_34\" loading=\"lazy\" \/><\/div>\n\t\t<\/figure>\n\t<\/div>\n<\/div><\/div><\/div><div class=\"wpb_column vc_column_container vc_col-sm-6\"><div class=\"vc_column-inner\"><div class=\"wpb_wrapper\">\n\t<div class=\"wpb_text_column wpb_content_element \" >\n\t\t<div class=\"wpb_wrapper\">\n\t\t\t<h5 style=\"text-align: left\">UNOS A\u00d1OS DESPU\u00c9S&#8230;<\/h5>\n\n\t\t<\/div>\n\t<\/div>\n\n\t<div class=\"wpb_text_column wpb_content_element \" >\n\t\t<div class=\"wpb_wrapper\">\n\t\t\t<h2 style=\"text-align: left\">SMA DESIGN<\/h2>\n\n\t\t<\/div>\n\t<\/div>\n\n\t<div class=\"wpb_text_column wpb_content_element  handletters subtitle\" >\n\t\t<div class=\"wpb_wrapper\">\n\t\t\t<p style=\"text-align: left;line-height: 40px!important\">Studio<\/p>\n\n\t\t<\/div>\n\t<\/div>\n\n\t<div class=\"wpb_text_column wpb_content_element \" >\n\t\t<div class=\"wpb_wrapper\">\n\t\t\t<p>Tras el \u00e9xito en el pa\u00eds de Home Delights, y gracias a la acogida del concepto de la marca para el dise\u00f1o de interiores, decidimos dar un paso m\u00e1s e incursionar en el mobiliario, en la creaci\u00f3n de muebles \u00fanicos con estilo propio, pensados y desarrollados por especialistas; as\u00ed naci\u00f3 SMA Design Studio, un estudio de dise\u00f1o y arquitectura que nos ha permitido cruzar fronteras con nuestro conocimiento sobre interiorismo y dise\u00f1o, cumpliendo con los est\u00e1ndares de funcionalidad.<\/p>\n\n\t\t<\/div>\n\t<\/div>\n<\/div><\/div><\/div><\/div><\/div><\/div><\/div><\/div>\n<\/div>","protected":false},"excerpt":{"rendered":"SOLEDAD MartinezAparicio La pasi\u00f3n por el dise\u00f1o de interiores ha movido mi vida desde que era muy joven. La experiencia de tantos a\u00f1os me ha convertido es experta en temas de composici\u00f3n de espacios y su funcionalidad. Guiada siempre por la intuici\u00f3n y la creatividad me relaciono de forma asertiva con conceptos del interiorismo como: [...]","protected":false},"author":2,"featured_media":0,"parent":0,"menu_order":0,"comment_status":"closed","ping_status":"closed","template":"","meta":{"_coblocks_attr":"","_coblocks_dimensions":"","_coblocks_responsive_height":"","_coblocks_accordion_ie_support":"","_joinchat":[],"footnotes":""},"class_list":["post-392","page","type-page","status-publish","hentry"],"_links":{"self":[{"href":"https:\/\/soledadmartinezaparicio.com\/en\/wp-json\/wp\/v2\/pages\/392","targetHints":{"allow":["GET"]}}],"collection":[{"href":"https:\/\/soledadmartinezaparicio.com\/en\/wp-json\/wp\/v2\/pages"}],"about":[{"href":"https:\/\/soledadmartinezaparicio.com\/en\/wp-json\/wp\/v2\/types\/page"}],"author":[{"embeddable":true,"href":"https:\/\/soledadmartinezaparicio.com\/en\/wp-json\/wp\/v2\/users\/2"}],"replies":[{"embeddable":true,"href":"https:\/\/soledadmartinezaparicio.com\/en\/wp-json\/wp\/v2\/comments?post=392"}],"version-history":[{"count":38,"href":"https:\/\/soledadmartinezaparicio.com\/en\/wp-json\/wp\/v2\/pages\/392\/revisions"}],"predecessor-version":[{"id":6630,"href":"https:\/\/soledadmartinezaparicio.com\/en\/wp-json\/wp\/v2\/pages\/392\/revisions\/6630"}],"wp:attachment":[{"href":"https:\/\/soledadmartinezaparicio.com\/en\/wp-json\/wp\/v2\/media?parent=392"}],"curies":[{"name":"wp","href":"https:\/\/api.w.org\/{rel}","templated":true}]}}