{"id":5557,"date":"2023-08-09T13:29:35","date_gmt":"2023-08-09T13:29:35","guid":{"rendered":"https:\/\/soledadmartinezaparicio.com\/?page_id=5557"},"modified":"2023-12-21T16:20:45","modified_gmt":"2023-12-21T16:20:45","slug":"home-v4","status":"publish","type":"page","link":"https:\/\/soledadmartinezaparicio.com\/en\/","title":{"rendered":"Home v4"},"content":{"rendered":"<div class=\"wpb-content-wrapper\"><div class=\"vc_row wpb_row vc_row-fluid\">\n        <div class=\"wpb_column vc_column_container vc_col-sm-12\"><div class=\"vc_column-inner\"><div class=\"wpb_wrapper\">\n\t\t\t<!-- START Slider 1 REVOLUTION SLIDER 6.6.18 --><p class=\"rs-p-wp-fix\"><\/p>\n\t\t\t<rs-module-wrap id=\"rev_slider_1_1_wrapper\" data-source=\"gallery\" style=\"visibility:hidden;background:transparent;padding:0;margin:0px auto;margin-top:0;margin-bottom:0;\">\n\t\t\t\t<rs-module id=\"rev_slider_1_1\" style=\"\" data-version=\"6.6.18\">\n\t\t\t\t\t<rs-slides style=\"overflow: hidden; position: absolute;\">\n\t\t\t\t\t\t<rs-slide style=\"position: absolute;\" data-key=\"rs-1\" data-title=\"Slide\" data-in=\"o:0;\" data-out=\"a:false;\">\n\t\t\t\t\t\t\t<img decoding=\"async\" src=\"\/\/soledadmartinezaparicio.com\/wp-content\/plugins\/revslider\/public\/assets\/assets\/dummy.png\" alt=\"\" title=\"BANNERSOLE-01\" width=\"2500\" height=\"1406\" class=\"rev-slidebg tp-rs-img rs-lazyload\" data-lazyload=\"\/\/soledadmartinezaparicio.com\/wp-content\/uploads\/2023\/10\/BANNERSOLE-01-1.jpg\" data-bg=\"p:right center;\" data-no-retina>\n<!---->\t\t\t\t\t\t<\/rs-slide>\n\t\t\t\t\t<\/rs-slides>\n\t\t\t\t<\/rs-module>\n\t\t\t\t<script>\n\t\t\t\t\tsetREVStartSize({c: 'rev_slider_1_1',rl:[1240,1024,778,480],el:[900],gw:[1240],gh:[900],type:'standard',justify:'',layout:'fullwidth',mh:\"0\"});if (window.RS_MODULES!==undefined && window.RS_MODULES.modules!==undefined && window.RS_MODULES.modules[\"revslider11\"]!==undefined) {window.RS_MODULES.modules[\"revslider11\"].once = false;window.revapi1 = undefined;if (window.RS_MODULES.checkMinimal!==undefined) window.RS_MODULES.checkMinimal()}\n\t\t\t\t<\/script>\n\t\t\t<\/rs-module-wrap>\n\t\t\t<!-- END REVOLUTION SLIDER -->\n<\/div><\/div><\/div><\/div>\n\n<div class=\"vc_row wpb_row vc_row-fluid title\">\n        <div class=\"wpb_column vc_column_container vc_col-sm-12\"><div class=\"vc_column-inner\"><div class=\"wpb_wrapper\">\n<div class=\"aea5d2f1c4608232e07d3aa3d998e5135 vc_empty_space\"\n         style=\"height: 64px\" >\n    <span class=\"vc_empty_space_inner\"><\/span>\n<\/div>\n<div class=\"vc_row wpb_row vc_inner vc_row-fluid vc_custom_1691607803944\"><div class=\"wpb_column vc_column_container vc_col-sm-3\"><div class=\"vc_column-inner\"><div class=\"wpb_wrapper\"><\/div><\/div><\/div><div class=\"wpb_column vc_column_container vc_col-sm-6\"><div class=\"vc_column-inner\"><div class=\"wpb_wrapper\">\n\t<div class=\"wpb_text_column wpb_content_element \" >\n\t\t<div class=\"wpb_wrapper\">\n\t\t\t<h5 style=\"text-align: center\">DESDE COLOMBIA PARA EL MUNDO CON PASI\u00d3N<\/h5>\n\n\t\t<\/div>\n\t<\/div>\n\n\t<div class=\"wpb_text_column wpb_content_element \" >\n\t\t<div class=\"wpb_wrapper\">\n\t\t\t<h2 style=\"text-align: center\">INTERIORES Y EXTERIORES DE ALTA<\/h2>\n\n\t\t<\/div>\n\t<\/div>\n\n\t<div class=\"wpb_text_column wpb_content_element  handletters subtitle\" >\n\t\t<div class=\"wpb_wrapper\">\n\t\t\t<p style=\"text-align: center\">calidad<\/p>\n\n\t\t<\/div>\n\t<\/div>\n\n\t<div class=\"wpb_text_column wpb_content_element \" >\n\t\t<div class=\"wpb_wrapper\">\n\t\t\t<div class=\"stm_lms_udemy_headline\">\n<p style=\"text-align: center\">Este curso lo he creado para que puedas tener el espacio de tus sue\u00f1os. Despu\u00e9s de hacerlo, ver\u00e1s que f\u00e1cil es lograr cambios incre\u00edbles de una manera pr\u00e1ctica.<\/p>\n<\/div>\n\n\t\t<\/div>\n\t<\/div>\n\n\n\t<div class=\"heading_font text-center  vc_custom_1696861311882 btn_number_19648\">\n\t\t<a href=\"https:\/\/soledadmartinezaparicio.com\/disena-tus-suenos\/\" class=\"btn btn-default btn-no-icon btn-normal-size\" title=\"Inscribirme al curso\" style=\"color:#ae8931; background-color:transparent; border-color:#ae8931;\" >\n\t\t\t\t\t\t<span class=\"link-title\" style=\"background-color:transparent;\">Inscribirme al curso<\/span>\n\t\t<\/a>\n\t<\/div>\n\n<style>\n\t\t\t.btn_number_19648 .btn.btn-default:after {\n\t\t\tbackground-color: transparent;\n\t\t}\n\t\n\t\t\t.btn_number_19648 .btn.btn-default:hover {\n\t\t\tcolor: #3f0d0c !important;\n\t\t}\n\t\n\t\t\t.btn_number_19648 .icon-btn:hover .link-title{\n\t\t\tcolor: #3f0d0c !important;\n\t\t}\n\t\n\t\t\t.btn_number_19648 .icon-btn:hover .link-title {\n\t\t\tbackground-color: transparent !important;\n\t\t}\n\t\n\t\t\t.btn_number_19648 .icon-btn:hover{\n\t\t\tborder-color: #3f0d0c !important;\n\t\t}\n\t\t.btn_number_19648 .icon-btn:hover .icon_in_btn{\n\t\t\tcolor: #3f0d0c !important;\n\t\t\tborder-color: #3f0d0c !important;\n\t\t}\n\t\n<\/style>\n<\/div><\/div><\/div><div class=\"wpb_column vc_column_container vc_col-sm-3\"><div class=\"vc_column-inner\"><div class=\"wpb_wrapper\"><\/div><\/div><\/div><\/div><div class=\"vc_row wpb_row vc_inner vc_row-fluid\"><div class=\"wpb_column vc_column_container vc_col-sm-10\"><div class=\"vc_column-inner\"><div class=\"wpb_wrapper\">\n\t<div  class=\"wpb_single_image wpb_content_element vc_align_left\">\n\t\t\n\t\t<figure class=\"wpb_wrapper vc_figure\">\n\t\t\t<div class=\"vc_single_image-wrapper vc_box_rounded  vc_box_border_grey\"><img loading=\"lazy\" decoding=\"async\" width=\"1600\" height=\"900\" src=\"https:\/\/soledadmartinezaparicio.com\/wp-content\/uploads\/2023\/09\/Render-Living-Room.jpeg\" class=\"vc_single_image-img attachment-full\" alt=\"\" title=\"Render - Living Room\" srcset=\"https:\/\/soledadmartinezaparicio.com\/wp-content\/uploads\/2023\/09\/Render-Living-Room.jpeg 1600w, https:\/\/soledadmartinezaparicio.com\/wp-content\/uploads\/2023\/09\/Render-Living-Room-300x169.jpeg 300w, https:\/\/soledadmartinezaparicio.com\/wp-content\/uploads\/2023\/09\/Render-Living-Room-1024x576.jpeg 1024w, https:\/\/soledadmartinezaparicio.com\/wp-content\/uploads\/2023\/09\/Render-Living-Room-768x432.jpeg 768w, https:\/\/soledadmartinezaparicio.com\/wp-content\/uploads\/2023\/09\/Render-Living-Room-1536x864.jpeg 1536w, https:\/\/soledadmartinezaparicio.com\/wp-content\/uploads\/2023\/09\/Render-Living-Room-270x153.jpeg 270w, https:\/\/soledadmartinezaparicio.com\/wp-content\/uploads\/2023\/09\/Render-Living-Room-600x338.jpeg 600w\" sizes=\"auto, (max-width: 1600px) 100vw, 1600px\" \/><\/div>\n\t\t<\/figure>\n\t<\/div>\n<\/div><\/div><\/div><div class=\"wpb_column vc_column_container vc_col-sm-2\"><div class=\"vc_column-inner\"><div class=\"wpb_wrapper\"><\/div><\/div><\/div><\/div><div class=\"vc_row wpb_row vc_inner vc_row-fluid\"><div class=\"mobile_center wpb_column vc_column_container vc_col-sm-6\"><div class=\"vc_column-inner\"><div class=\"wpb_wrapper\">\n\t<div class=\"wpb_text_column wpb_content_element  mobile_center\" >\n\t\t<div class=\"wpb_wrapper\">\n\t\t\t<h5>\u00bfDUDAS O INQUIETUDES?<\/h5>\n\n\t\t<\/div>\n\t<\/div>\n\n\t<div class=\"wpb_text_column wpb_content_element \" >\n\t\t<div class=\"wpb_wrapper\">\n\t\t\t<h2>TRABAJEMOS<\/h2>\n\n\t\t<\/div>\n\t<\/div>\n\n\t<div class=\"wpb_text_column wpb_content_element  handletters subtitle\" >\n\t\t<div class=\"wpb_wrapper\">\n\t\t\t<p>\u00a0\u00a0juntos<\/p>\n\n\t\t<\/div>\n\t<\/div>\n\n\t<div class=\"wpb_text_column wpb_content_element \" >\n\t\t<div class=\"wpb_wrapper\">\n\t\t\t<p style=\"text-align: left\"><span style=\"font-weight: 400\">Si buscas transformar un espacio, ya sea en tu hogar o lugar de trabajo, estamos aqu\u00ed para ayudarte<\/span><\/p>\n\n\t\t<\/div>\n\t<\/div>\n<div class=\"vc_btn3-container vc_btn3-inline vc_custom_1696861345862\" >\n\t<a style=\"background-color:rgb(237,237,237);background-color:rgba(237,237,237,0.01); color:#b69950;\" class=\"vc_general vc_btn3 vc_btn3-size-md vc_btn3-shape-rounded vc_btn3-style-custom vc_btn3-icon-left\" href=\"https:\/\/soledadmartinezaparicio.com\/contacto\/\" title=\"Contacto\"><i class=\"vc_btn3-icon fas fa-envelope\"><\/i> ENVIAR UN MENSAJE<\/a><\/div>\n<div class=\"vc_btn3-container vc_btn3-inline\" >\n\t<a style=\"background-color:rgb(237,237,237);background-color:rgba(237,237,237,0.01); color:#b69950;\" class=\"vc_general vc_btn3 vc_btn3-size-md vc_btn3-shape-rounded vc_btn3-style-custom vc_btn3-icon-left\" href=\"tel:3113435220\" title=\"\"><i class=\"vc_btn3-icon fas fa-mobile-alt\"><\/i> LLAMAR POR TEL\u00c9FONO<\/a><\/div>\n<\/div><\/div><\/div><div class=\"wpb_column vc_column_container vc_col-sm-6\"><div class=\"vc_column-inner\"><div class=\"wpb_wrapper\">\n\t<div  class=\"wpb_single_image wpb_content_element vc_align_left  vc_custom_1696019393075\">\n\t\t\n\t\t<figure class=\"wpb_wrapper vc_figure\">\n\t\t\t<div class=\"vc_single_image-wrapper vc_box_rounded  vc_box_border_grey\"><img loading=\"lazy\" decoding=\"async\" width=\"1920\" height=\"2400\" src=\"https:\/\/soledadmartinezaparicio.com\/wp-content\/uploads\/2023\/09\/SMA.jpg\" class=\"vc_single_image-img attachment-full\" alt=\"\" title=\"SMA\" srcset=\"https:\/\/soledadmartinezaparicio.com\/wp-content\/uploads\/2023\/09\/SMA.jpg 1920w, https:\/\/soledadmartinezaparicio.com\/wp-content\/uploads\/2023\/09\/SMA-240x300.jpg 240w, https:\/\/soledadmartinezaparicio.com\/wp-content\/uploads\/2023\/09\/SMA-819x1024.jpg 819w, https:\/\/soledadmartinezaparicio.com\/wp-content\/uploads\/2023\/09\/SMA-768x960.jpg 768w, https:\/\/soledadmartinezaparicio.com\/wp-content\/uploads\/2023\/09\/SMA-1229x1536.jpg 1229w, https:\/\/soledadmartinezaparicio.com\/wp-content\/uploads\/2023\/09\/SMA-1638x2048.jpg 1638w, https:\/\/soledadmartinezaparicio.com\/wp-content\/uploads\/2023\/09\/SMA-600x750.jpg 600w\" sizes=\"auto, (max-width: 1920px) 100vw, 1920px\" \/><\/div>\n\t\t<\/figure>\n\t<\/div>\n<\/div><\/div><\/div><\/div><\/div><\/div><\/div><\/div>\n<\/div>","protected":false},"excerpt":{"rendered":"DESDE COLOMBIA PARA EL MUNDO CON PASI\u00d3N INTERIORES Y EXTERIORES DE ALTA calidad Este curso lo he creado para que puedas tener el espacio de tus sue\u00f1os. Despu\u00e9s de hacerlo, ver\u00e1s que f\u00e1cil es lograr cambios incre\u00edbles de una manera pr\u00e1ctica. Inscribirme al curso \u00bfDUDAS O INQUIETUDES? TRABAJEMOS \u00a0\u00a0juntos Si buscas transformar un espacio, ya [...]","protected":false},"author":2,"featured_media":0,"parent":0,"menu_order":0,"comment_status":"closed","ping_status":"closed","template":"","meta":{"_coblocks_attr":"","_coblocks_dimensions":"","_coblocks_responsive_height":"","_coblocks_accordion_ie_support":"","_joinchat":[],"footnotes":""},"class_list":["post-5557","page","type-page","status-publish","hentry"],"_links":{"self":[{"href":"https:\/\/soledadmartinezaparicio.com\/en\/wp-json\/wp\/v2\/pages\/5557","targetHints":{"allow":["GET"]}}],"collection":[{"href":"https:\/\/soledadmartinezaparicio.com\/en\/wp-json\/wp\/v2\/pages"}],"about":[{"href":"https:\/\/soledadmartinezaparicio.com\/en\/wp-json\/wp\/v2\/types\/page"}],"author":[{"embeddable":true,"href":"https:\/\/soledadmartinezaparicio.com\/en\/wp-json\/wp\/v2\/users\/2"}],"replies":[{"embeddable":true,"href":"https:\/\/soledadmartinezaparicio.com\/en\/wp-json\/wp\/v2\/comments?post=5557"}],"version-history":[{"count":43,"href":"https:\/\/soledadmartinezaparicio.com\/en\/wp-json\/wp\/v2\/pages\/5557\/revisions"}],"predecessor-version":[{"id":7171,"href":"https:\/\/soledadmartinezaparicio.com\/en\/wp-json\/wp\/v2\/pages\/5557\/revisions\/7171"}],"wp:attachment":[{"href":"https:\/\/soledadmartinezaparicio.com\/en\/wp-json\/wp\/v2\/media?parent=5557"}],"curies":[{"name":"wp","href":"https:\/\/api.w.org\/{rel}","templated":true}]}}