{"id":5938,"date":"2023-09-28T14:28:54","date_gmt":"2023-09-28T14:28:54","guid":{"rendered":"https:\/\/soledadmartinezaparicio.com\/?page_id=5938"},"modified":"2023-12-21T16:21:42","modified_gmt":"2023-12-21T16:21:42","slug":"asesorias","status":"publish","type":"page","link":"https:\/\/soledadmartinezaparicio.com\/en\/asesorias\/","title":{"rendered":"Consultations"},"content":{"rendered":"<div class=\"wpb-content-wrapper\"><div class=\"vc_row wpb_row vc_row-fluid vc_custom_1698023247256\">\n        <div class=\"wpb_column vc_column_container vc_col-sm-12\"><div class=\"vc_column-inner\"><div class=\"wpb_wrapper\">\n\t\t\t<!-- START Asesor\u00edas REVOLUTION SLIDER 6.6.18 --><p class=\"rs-p-wp-fix\"><\/p>\n\t\t\t<rs-module-wrap id=\"rev_slider_5_1_wrapper\" data-source=\"gallery\" style=\"visibility:hidden;background:transparent;padding:0;margin:0px auto;margin-top:0;margin-bottom:0;\">\n\t\t\t\t<rs-module id=\"rev_slider_5_1\" style=\"\" data-version=\"6.6.18\">\n\t\t\t\t\t<rs-slides style=\"overflow: hidden; position: absolute;\">\n\t\t\t\t\t\t<rs-slide style=\"position: absolute;\" data-key=\"rs-5\" data-title=\"Living\" data-in=\"o:0;\" data-out=\"a:false;\">\n\t\t\t\t\t\t\t<img decoding=\"async\" src=\"\/\/soledadmartinezaparicio.com\/wp-content\/plugins\/revslider\/public\/assets\/assets\/dummy.png\" alt=\"\" title=\"05_Render_Bedroom\" width=\"1920\" height=\"1080\" class=\"rev-slidebg tp-rs-img rs-lazyload\" data-lazyload=\"\/\/soledadmartinezaparicio.com\/wp-content\/uploads\/2023\/10\/05_Render_Bedroom.png\" data-bg=\"p:right center;\" data-parallax=\"off\" data-panzoom=\"d:10000;ss:100;se:120%;os:100px\/0;oe:0\/-100px;\" data-no-retina>\n<!---->\t\t\t\t\t\t<\/rs-slide>\n\t\t\t\t\t<\/rs-slides>\n\t\t\t\t<\/rs-module>\n\t\t\t\t<script>\n\t\t\t\t\tsetREVStartSize({c: 'rev_slider_5_1',rl:[1240,1024,778,480],el:[400],gw:[1240],gh:[400],type:'standard',justify:'',layout:'fullwidth',mh:\"0\"});if (window.RS_MODULES!==undefined && window.RS_MODULES.modules!==undefined && window.RS_MODULES.modules[\"revslider51\"]!==undefined) {window.RS_MODULES.modules[\"revslider51\"].once = false;window.revapi5 = undefined;if (window.RS_MODULES.checkMinimal!==undefined) window.RS_MODULES.checkMinimal()}\n\t\t\t\t<\/script>\n\t\t\t<\/rs-module-wrap>\n\t\t\t<!-- END REVOLUTION SLIDER -->\n<\/div><\/div><\/div><\/div>\n\n<div class=\"vc_row wpb_row vc_row-fluid title\">\n        <div class=\"wpb_column vc_column_container vc_col-sm-12\"><div class=\"vc_column-inner\"><div class=\"wpb_wrapper\"><div class=\"vc_row wpb_row vc_inner vc_row-fluid vc_row-o-equal-height vc_row-o-content-top vc_row-flex\"><div class=\"wpb_column vc_column_container vc_col-sm-6\"><div class=\"vc_column-inner\"><div class=\"wpb_wrapper\">\n\t<div  class=\"wpb_single_image wpb_content_element vc_align_center\">\n\t\t\n\t\t<figure class=\"wpb_wrapper vc_figure\">\n\t\t\t<div class=\"vc_single_image-wrapper vc_box_rounded  vc_box_border_grey\"><img decoding=\"async\" srcset=\"https:\/\/soledadmartinezaparicio.com\/wp-content\/uploads\/2023\/11\/Soledad-MartinezAparicio-e1703173117960-1056x1056.jpg 2x\" class=\"vc_single_image-img \" src=\"https:\/\/soledadmartinezaparicio.com\/wp-content\/uploads\/2023\/11\/Soledad-MartinezAparicio-e1703173117960-528x528.jpg\" width=\"528\" height=\"528\" alt=\"Soledad MartinezAparicio\" title=\"Soledad MartinezAparicio\" loading=\"lazy\" \/><\/div>\n\t\t<\/figure>\n\t<\/div>\n<\/div><\/div><\/div><div class=\"wpb_column vc_column_container vc_col-sm-6\"><div class=\"vc_column-inner\"><div class=\"wpb_wrapper\">\n\t<div class=\"wpb_text_column wpb_content_element  vc_custom_1703173340780 handletters subtitle sub_xs\" >\n\t\t<div class=\"wpb_wrapper\">\n\t\t\t<p style=\"text-align: left\">Asesor\u00edas<\/p>\n\n\t\t<\/div>\n\t<\/div>\n\n\t<div class=\"wpb_text_column wpb_content_element \" >\n\t\t<div class=\"wpb_wrapper\">\n\t\t\t<p>Las asesor\u00edas de dise\u00f1o son fundamentales para el \u00e9xito de cualquier proyecto. M\u00e1s all\u00e1 de la est\u00e9tica, buscamos entender tus necesidades, conectar con tu esencia y luego traducirlo en un espacio acorde a tu estilo de vida. La experiencia de un creativo dise\u00f1ador de interiores no se centra \u00fanicamente en la elecci\u00f3n de colores y muebles, integra la habilidad de fusionar la funcionalidad con la est\u00e9tica, creando armon\u00eda en cada rinc\u00f3n.<\/p>\n<h3><span style=\"font-weight: 400\"><strong>\u00bfPor qu\u00e9 elegirnos para transformar tus espacios?<\/strong> <\/span><\/h3>\n<p>Es simple, nuestro enfoque va m\u00e1s all\u00e1 de la est\u00e9tica visual. Nuestra misi\u00f3n es conocerte, entender tus expectativas y superarlas.<\/p>\n\n\t\t<\/div>\n\t<\/div>\n<\/div><\/div><\/div><\/div><\/div><\/div><\/div><\/div>\n\n<div data-vc-full-width=\"true\" data-vc-full-width-init=\"false\" class=\"vc_row wpb_row vc_row-fluid vc_custom_1698025991959 vc_row-has-fill\">\n        <div class=\"wpb_column vc_column_container vc_col-sm-12\"><div class=\"vc_column-inner\"><div class=\"wpb_wrapper\"><div class=\"vc_row wpb_row vc_inner vc_row-fluid vc_column-gap-15 vc_row-o-equal-height vc_row-flex\"><div class=\"wpb_column vc_column_container vc_col-sm-4 vc_col-has-fill\"><div class=\"vc_column-inner vc_custom_1698850254448\"><div class=\"wpb_wrapper\">\n\t<div class=\"wpb_text_column wpb_content_element  handletters module_title\" >\n\t\t<div class=\"wpb_wrapper\">\n\t\t\t<p style=\"text-align: center\">Enfoque Personalizado<\/p>\n\n\t\t<\/div>\n\t<\/div>\n\n\t<div class=\"wpb_text_column wpb_content_element \" >\n\t\t<div class=\"wpb_wrapper\">\n\t\t\t<p style=\"text-align: center\">Cada proyecto es \u00fanico, y as\u00ed es tratado. No creamos sustentados en soluciones predefinidas, lo que hacemos es sumergimos en tus gustos, necesidades y aspiraciones para crear un dise\u00f1o que sea verdaderamente tuyo.<\/p>\n\n\t\t<\/div>\n\t<\/div>\n<\/div><\/div><\/div><div class=\"wpb_column vc_column_container vc_col-sm-4 vc_col-has-fill\"><div class=\"vc_column-inner vc_custom_1698850697408\"><div class=\"wpb_wrapper\">\n\t<div class=\"wpb_text_column wpb_content_element  handletters module_title\" >\n\t\t<div class=\"wpb_wrapper\">\n\t\t\t<p style=\"text-align: center\">Experiencia y Creatividad<\/p>\n\n\t\t<\/div>\n\t<\/div>\n\n\t<div class=\"wpb_text_column wpb_content_element \" >\n\t\t<div class=\"wpb_wrapper\">\n\t\t\t<p style=\"text-align: center\">Con a\u00f1os de experiencia en el campo del dise\u00f1o de interiores, hemos perfeccionado nuestra habilidad para mezclar la visi\u00f3n creativa con la ejecuci\u00f3n pr\u00e1ctica. Esto significa que recibir\u00e1s soluciones innovadoras que no solo se ven bien en el papel, sino que funcionan en la vida real.<\/p>\n\n\t\t<\/div>\n\t<\/div>\n<\/div><\/div><\/div><div class=\"wpb_column vc_column_container vc_col-sm-4 vc_col-has-fill\"><div class=\"vc_column-inner vc_custom_1698850708023\"><div class=\"wpb_wrapper\">\n\t<div class=\"wpb_text_column wpb_content_element  handletters module_title\" >\n\t\t<div class=\"wpb_wrapper\">\n\t\t\t<p style=\"text-align: center\">Colaboraci\u00f3n Transparente<\/p>\n\n\t\t<\/div>\n\t<\/div>\n\n\t<div class=\"wpb_text_column wpb_content_element \" >\n\t\t<div class=\"wpb_wrapper\">\n\t\t\t<p style=\"text-align: center\">Creemos en una colaboraci\u00f3n abierta y transparente. Te mantendremos informado en cada paso del proceso, desde la conceptualizaci\u00f3n hasta la implementaci\u00f3n. Tu participaci\u00f3n activa es clave para garantizar que el resultado final sea un reflejo fiel de tus deseos.<\/p>\n\n\t\t<\/div>\n\t<\/div>\n<\/div><\/div><\/div><div class=\"wpb_column vc_column_container vc_col-sm-4 vc_col-has-fill\"><div class=\"vc_column-inner vc_custom_1698850724905\"><div class=\"wpb_wrapper\">\n\t<div class=\"wpb_text_column wpb_content_element  handletters module_title\" >\n\t\t<div class=\"wpb_wrapper\">\n\t\t\t<p style=\"text-align: center\">Optimizaci\u00f3n del Espacio<\/p>\n\n\t\t<\/div>\n\t<\/div>\n\n\t<div class=\"wpb_text_column wpb_content_element \" >\n\t\t<div class=\"wpb_wrapper\">\n\t\t\t<p style=\"text-align: center\">Sea cual sea la dimensi\u00f3n de tu espacio, tenemos la capacidad de optimizar cada cent\u00edmetro a su m\u00e1ximo potencial. Desde espacios peque\u00f1os y acogedores hasta residencias amplias y majestuosas, cada proyecto recibe la misma atenci\u00f3n minuciosa.<\/p>\n\n\t\t<\/div>\n\t<\/div>\n<\/div><\/div><\/div><div class=\"wpb_column vc_column_container vc_col-sm-4 vc_col-has-fill\"><div class=\"vc_column-inner vc_custom_1698850736791\"><div class=\"wpb_wrapper\">\n\t<div class=\"wpb_text_column wpb_content_element  handletters module_title\" >\n\t\t<div class=\"wpb_wrapper\">\n\t\t\t<p style=\"text-align: center\">Compromiso con la Calidad<\/p>\n\n\t\t<\/div>\n\t<\/div>\n\n\t<div class=\"wpb_text_column wpb_content_element \" >\n\t\t<div class=\"wpb_wrapper\">\n\t\t\t<p style=\"text-align: center\">Empleamos materiales de alta calidad y colaboramos con artesanos talentosos para asegurar que cada aspecto del dise\u00f1o cumpla con los m\u00e1s altos est\u00e1ndares. La calidad no es un compromiso, es una promesa.<\/p>\n\n\t\t<\/div>\n\t<\/div>\n<\/div><\/div><\/div><\/div><\/div><\/div><\/div><\/div>\n<div class=\"vc_row-full-width vc_clearfix\"><\/div>\n<div data-vc-full-width=\"true\" data-vc-full-width-init=\"false\" data-vc-stretch-content=\"true\" class=\"vc_row wpb_row vc_row-fluid vc_custom_1703174172265 vc_row-has-fill vc_row-no-padding vc_row-o-equal-height vc_row-flex\">\n        <div class=\"wpb_column vc_column_container vc_col-sm-12\"><div class=\"vc_column-inner vc_custom_1703174177730\"><div class=\"wpb_wrapper\"><div class=\"vc_row wpb_row vc_inner vc_row-fluid\"><div class=\"wpb_column vc_column_container vc_col-sm-3\"><div class=\"vc_column-inner\"><div class=\"wpb_wrapper\"><\/div><\/div><\/div><div class=\"wpb_column vc_column_container vc_col-sm-6 vc_col-has-fill\"><div class=\"vc_column-inner vc_custom_1703174300345\"><div class=\"wpb_wrapper\">\n\t<div class=\"wpb_text_column wpb_content_element  handletters module_title\" >\n\t\t<div class=\"wpb_wrapper\">\n\t\t\t<p style=\"text-align: center\">Tus dise\u00f1adores de interiores.<\/p>\n\n\t\t<\/div>\n\t<\/div>\n\n\t<div class=\"wpb_text_column wpb_content_element \" >\n\t\t<div class=\"wpb_wrapper\">\n\t\t\t<p style=\"text-align: center\"><span style=\"font-weight: 400\">Al elegirnos como tus dise\u00f1adores de interiores, est\u00e1s eligiendo no solo un servicio, sino una experiencia. Transformaremos tu visi\u00f3n en una realidad tangible, creando un espacio que no solo sea est\u00e9ticamente impresionante, sino tambi\u00e9n funcional y adaptado a tu estilo de vida.\u00a0<\/span><\/p>\n\n\t\t<\/div>\n\t<\/div>\n<\/div><\/div><\/div><div class=\"wpb_column vc_column_container vc_col-sm-3\"><div class=\"vc_column-inner\"><div class=\"wpb_wrapper\"><\/div><\/div><\/div><\/div><\/div><\/div><\/div><\/div>\n<div class=\"vc_row-full-width vc_clearfix\"><\/div>\n<div data-vc-full-width=\"true\" data-vc-full-width-init=\"false\" data-vc-stretch-content=\"true\" class=\"vc_row wpb_row vc_row-fluid vc_custom_1703174105249 vc_row-has-fill vc_row-no-padding vc_row-o-equal-height vc_row-flex\">\n        <div class=\"wpb_column vc_column_container vc_col-sm-12\"><div class=\"vc_column-inner\"><div class=\"wpb_wrapper\">\n\t\t\t<!-- START Asesorias presenciales Slider REVOLUTION SLIDER 6.6.18 --><p class=\"rs-p-wp-fix\"><\/p>\n\t\t\t<rs-module-wrap id=\"rev_slider_10_2_wrapper\" data-source=\"gallery\" style=\"visibility:hidden;background:transparent;padding:0;margin:0px auto;margin-top:0;margin-bottom:0;\">\n\t\t\t\t<rs-module id=\"rev_slider_10_2\" style=\"\" data-version=\"6.6.18\">\n\t\t\t\t\t<rs-slides style=\"overflow: hidden; position: absolute;\">\n\t\t\t\t\t\t<rs-slide style=\"position: absolute;\" data-key=\"rs-37\" data-title=\"Slide\" data-thumb=\"\/\/soledadmartinezaparicio.com\/wp-content\/uploads\/2023\/11\/01_MASTER-BEDROOM-50x100.png\" data-in=\"o:0;\" data-out=\"a:false;\">\n\t\t\t\t\t\t\t<img decoding=\"async\" src=\"\/\/soledadmartinezaparicio.com\/wp-content\/plugins\/revslider\/public\/assets\/assets\/dummy.png\" alt=\"\" title=\"01_MASTER BEDROOM\" width=\"1920\" height=\"1080\" class=\"rev-slidebg tp-rs-img rs-lazyload\" data-lazyload=\"\/\/soledadmartinezaparicio.com\/wp-content\/uploads\/2023\/11\/01_MASTER-BEDROOM.png\" data-panzoom=\"d:10000;ss:110%;se:100;\" data-no-retina>\n<!---->\t\t\t\t\t\t<\/rs-slide>\n\t\t\t\t\t\t<rs-slide style=\"position: absolute;\" data-key=\"rs-38\" data-title=\"Slide\" data-thumb=\"\/\/soledadmartinezaparicio.com\/wp-content\/uploads\/2023\/11\/02_MASTER-BEDROOM-50x100.png\" data-in=\"o:0;\" data-out=\"a:false;\">\n\t\t\t\t\t\t\t<img decoding=\"async\" src=\"\/\/soledadmartinezaparicio.com\/wp-content\/plugins\/revslider\/public\/assets\/assets\/dummy.png\" alt=\"\" title=\"02_MASTER BEDROOM\" width=\"1920\" height=\"1080\" class=\"rev-slidebg tp-rs-img rs-lazyload\" data-lazyload=\"\/\/soledadmartinezaparicio.com\/wp-content\/uploads\/2023\/11\/02_MASTER-BEDROOM.png\" data-panzoom=\"d:10000;ss:110%;se:100;\" data-no-retina>\n<!---->\t\t\t\t\t\t<\/rs-slide>\n\t\t\t\t\t\t<rs-slide style=\"position: absolute;\" data-key=\"rs-39\" data-title=\"Slide\" data-thumb=\"\/\/soledadmartinezaparicio.com\/wp-content\/uploads\/2023\/11\/03_MASTER-BEDROOM-50x100.png\" data-in=\"o:0;\" data-out=\"a:false;\">\n\t\t\t\t\t\t\t<img decoding=\"async\" src=\"\/\/soledadmartinezaparicio.com\/wp-content\/plugins\/revslider\/public\/assets\/assets\/dummy.png\" alt=\"\" title=\"03_MASTER BEDROOM\" width=\"1920\" height=\"1080\" class=\"rev-slidebg tp-rs-img rs-lazyload\" data-lazyload=\"\/\/soledadmartinezaparicio.com\/wp-content\/uploads\/2023\/11\/03_MASTER-BEDROOM.png\" data-panzoom=\"d:10000;ss:110%;se:100;\" data-no-retina>\n<!---->\t\t\t\t\t\t<\/rs-slide>\n\t\t\t\t\t\t<rs-slide style=\"position: absolute;\" data-key=\"rs-40\" data-title=\"Slide\" data-thumb=\"\/\/soledadmartinezaparicio.com\/wp-content\/uploads\/2023\/11\/04_MASTER-BEDROOM-50x100.png\" data-in=\"o:0;\" data-out=\"a:false;\">\n\t\t\t\t\t\t\t<img decoding=\"async\" src=\"\/\/soledadmartinezaparicio.com\/wp-content\/plugins\/revslider\/public\/assets\/assets\/dummy.png\" alt=\"\" title=\"04_MASTER BEDROOM\" width=\"1920\" height=\"1080\" class=\"rev-slidebg tp-rs-img rs-lazyload\" data-lazyload=\"\/\/soledadmartinezaparicio.com\/wp-content\/uploads\/2023\/11\/04_MASTER-BEDROOM.png\" data-panzoom=\"d:10000;ss:110%;se:100;\" data-no-retina>\n<!---->\t\t\t\t\t\t<\/rs-slide>\n\t\t\t\t\t<\/rs-slides>\n\t\t\t\t<\/rs-module>\n\t\t\t\t<script>\n\t\t\t\t\tsetREVStartSize({c: 'rev_slider_10_2',rl:[1240,1240,1240,480],el:[700,700,700,720],gw:[1280,1280,1280,480],gh:[700,700,700,720],type:'standard',justify:'',layout:'fullwidth',mh:\"0\"});if (window.RS_MODULES!==undefined && window.RS_MODULES.modules!==undefined && window.RS_MODULES.modules[\"revslider102\"]!==undefined) {window.RS_MODULES.modules[\"revslider102\"].once = false;window.revapi10 = undefined;if (window.RS_MODULES.checkMinimal!==undefined) window.RS_MODULES.checkMinimal()}\n\t\t\t\t<\/script>\n\t\t\t<\/rs-module-wrap>\n\t\t\t<!-- END REVOLUTION SLIDER -->\n<\/div><\/div><\/div><\/div>\n<div class=\"vc_row-full-width vc_clearfix\"><\/div>\n<div class=\"vc_row wpb_row vc_row-fluid\">\n        <div class=\"wpb_column vc_column_container vc_col-sm-12\"><div class=\"vc_column-inner\"><div class=\"wpb_wrapper\"><div class=\"vc_row wpb_row vc_inner vc_row-fluid\"><div class=\"wpb_column vc_column_container vc_col-sm-12\"><div class=\"vc_column-inner\"><div class=\"wpb_wrapper\">\n\t<div class=\"wpb_text_column wpb_content_element \" >\n\t\t<div class=\"wpb_wrapper\">\n\t\t\t<h3 style=\"text-align: center\"><span style=\"font-weight: 400\">\u00a1Esperamos con ansias colaborar contigo y hacer que tu espacio cuente la historia que siempre has imaginado!<\/span><\/h3>\n\n\t\t<\/div>\n\t<\/div>\n<\/div><\/div><\/div><\/div><\/div><\/div><\/div><\/div>\n\n<div class=\"vc_row wpb_row vc_row-fluid title\">\n        <div class=\"wpb_column vc_column_container vc_col-sm-3\"><div class=\"vc_column-inner\"><div class=\"wpb_wrapper\"><\/div><\/div><\/div><div class=\"wpb_column vc_column_container vc_col-sm-6\"><div class=\"vc_column-inner\"><div class=\"wpb_wrapper\">\n\t<div class=\"wpb_text_column wpb_content_element \" >\n\t\t<div class=\"wpb_wrapper\">\n\t\t\t<h2 style=\"text-align: center\">TRABAJEMOS<\/h2>\n\n\t\t<\/div>\n\t<\/div>\n\n\t<div class=\"wpb_text_column wpb_content_element  handletters subtitle\" >\n\t\t<div class=\"wpb_wrapper\">\n\t\t\t<p style=\"text-align: center\">juntos<\/p>\n\n\t\t<\/div>\n\t<\/div>\n\n\t<div class=\"wpb_text_column wpb_content_element \" >\n\t\t<div class=\"wpb_wrapper\">\n\t\t\t<p style=\"text-align: center\"><span style=\"font-weight: 400\">Si buscas transformar un espacio, ya sea en tu hogar o lugar de trabajo, estamos aqu\u00ed para ayudarte<\/span><\/p>\n\n\t\t<\/div>\n\t<\/div>\n<div class=\"vc_btn3-container vc_btn3-center vc_custom_1698855950824\" >\n\t<a style=\"background-color:rgb(237,237,237);background-color:rgba(237,237,237,0.01); color:#b69950;\" class=\"vc_general vc_btn3 vc_btn3-size-md vc_btn3-shape-rounded vc_btn3-style-custom vc_btn3-icon-left\" href=\"https:\/\/soledadmartinezaparicio.com\/contacto\/\" title=\"Contacto\"><i class=\"vc_btn3-icon fas fa-envelope\"><\/i> ENVIAR UN MENSAJE<\/a><\/div>\n<div class=\"vc_btn3-container vc_btn3-center\" >\n\t<a style=\"background-color:rgb(237,237,237);background-color:rgba(237,237,237,0.01); color:#b69950;\" class=\"vc_general vc_btn3 vc_btn3-size-md vc_btn3-shape-rounded vc_btn3-style-custom vc_btn3-icon-left\" href=\"tel:3113435220\" title=\"\"><i class=\"vc_btn3-icon fas fa-mobile-alt\"><\/i> LLAMAR POR TEL\u00c9FONO<\/a><\/div>\n<\/div><\/div><\/div><div class=\"wpb_column vc_column_container vc_col-sm-3\"><div class=\"vc_column-inner\"><div class=\"wpb_wrapper\"><\/div><\/div><\/div><\/div>\n<\/div>","protected":false},"excerpt":{"rendered":"Asesor\u00edas Las asesor\u00edas de dise\u00f1o son fundamentales para el \u00e9xito de cualquier proyecto. M\u00e1s all\u00e1 de la est\u00e9tica, buscamos entender tus necesidades, conectar con tu esencia y luego traducirlo en un espacio acorde a tu estilo de vida. La experiencia de un creativo dise\u00f1ador de interiores no se centra \u00fanicamente en la elecci\u00f3n de colores [...]","protected":false},"author":2,"featured_media":0,"parent":0,"menu_order":0,"comment_status":"closed","ping_status":"closed","template":"","meta":{"_coblocks_attr":"","_coblocks_dimensions":"","_coblocks_responsive_height":"","_coblocks_accordion_ie_support":"","_joinchat":[],"footnotes":""},"class_list":["post-5938","page","type-page","status-publish","hentry"],"_links":{"self":[{"href":"https:\/\/soledadmartinezaparicio.com\/en\/wp-json\/wp\/v2\/pages\/5938","targetHints":{"allow":["GET"]}}],"collection":[{"href":"https:\/\/soledadmartinezaparicio.com\/en\/wp-json\/wp\/v2\/pages"}],"about":[{"href":"https:\/\/soledadmartinezaparicio.com\/en\/wp-json\/wp\/v2\/types\/page"}],"author":[{"embeddable":true,"href":"https:\/\/soledadmartinezaparicio.com\/en\/wp-json\/wp\/v2\/users\/2"}],"replies":[{"embeddable":true,"href":"https:\/\/soledadmartinezaparicio.com\/en\/wp-json\/wp\/v2\/comments?post=5938"}],"version-history":[{"count":43,"href":"https:\/\/soledadmartinezaparicio.com\/en\/wp-json\/wp\/v2\/pages\/5938\/revisions"}],"predecessor-version":[{"id":6658,"href":"https:\/\/soledadmartinezaparicio.com\/en\/wp-json\/wp\/v2\/pages\/5938\/revisions\/6658"}],"wp:attachment":[{"href":"https:\/\/soledadmartinezaparicio.com\/en\/wp-json\/wp\/v2\/media?parent=5938"}],"curies":[{"name":"wp","href":"https:\/\/api.w.org\/{rel}","templated":true}]}}