{"id":6080,"date":"2023-10-23T02:12:59","date_gmt":"2023-10-23T02:12:59","guid":{"rendered":"https:\/\/soledadmartinezaparicio.com\/?page_id=6080"},"modified":"2023-12-21T16:20:27","modified_gmt":"2023-12-21T16:20:27","slug":"asesorias-virtuales","status":"publish","type":"page","link":"https:\/\/soledadmartinezaparicio.com\/en\/asesorias-virtuales\/","title":{"rendered":"Virtual Consultations"},"content":{"rendered":"<div class=\"wpb-content-wrapper\"><div class=\"vc_row wpb_row vc_row-fluid vc_custom_1698023247256\">\n        <div class=\"wpb_column vc_column_container vc_col-sm-12\"><div class=\"vc_column-inner\"><div class=\"wpb_wrapper\">\n\t\t\t<!-- START Asesor\u00edas Virtuales REVOLUTION SLIDER 6.6.18 --><p class=\"rs-p-wp-fix\"><\/p>\n\t\t\t<rs-module-wrap id=\"rev_slider_6_1_wrapper\" data-source=\"gallery\" style=\"visibility:hidden;background:transparent;padding:0;margin:0px auto;margin-top:0;margin-bottom:0;\">\n\t\t\t\t<rs-module id=\"rev_slider_6_1\" style=\"\" data-version=\"6.6.18\">\n\t\t\t\t\t<rs-slides style=\"overflow: hidden; position: absolute;\">\n\t\t\t\t\t\t<rs-slide style=\"position: absolute;\" data-key=\"rs-6\" data-title=\"Living\" data-in=\"o:0;\" data-out=\"a:false;\">\n\t\t\t\t\t\t\t<img decoding=\"async\" src=\"\/\/soledadmartinezaparicio.com\/wp-content\/plugins\/revslider\/public\/assets\/assets\/dummy.png\" alt=\"\" title=\"03_Render_Bedroom\" width=\"1920\" height=\"1080\" class=\"rev-slidebg tp-rs-img rs-lazyload\" data-lazyload=\"\/\/soledadmartinezaparicio.com\/wp-content\/uploads\/2023\/10\/03_Render_Bedroom.png\" data-parallax=\"off\" data-panzoom=\"d:10000;ss:100;se:120%;os:100px\/0;\" data-no-retina>\n<!---->\t\t\t\t\t\t<\/rs-slide>\n\t\t\t\t\t<\/rs-slides>\n\t\t\t\t<\/rs-module>\n\t\t\t\t<script>\n\t\t\t\t\tsetREVStartSize({c: 'rev_slider_6_1',rl:[1240,1024,778,480],el:[400],gw:[1240],gh:[400],type:'standard',justify:'',layout:'fullwidth',mh:\"0\"});if (window.RS_MODULES!==undefined && window.RS_MODULES.modules!==undefined && window.RS_MODULES.modules[\"revslider61\"]!==undefined) {window.RS_MODULES.modules[\"revslider61\"].once = false;window.revapi6 = undefined;if (window.RS_MODULES.checkMinimal!==undefined) window.RS_MODULES.checkMinimal()}\n\t\t\t\t<\/script>\n\t\t\t<\/rs-module-wrap>\n\t\t\t<!-- END REVOLUTION SLIDER -->\n<\/div><\/div><\/div><\/div>\n\n<div class=\"vc_row wpb_row vc_row-fluid title\">\n        <div class=\"wpb_column vc_column_container vc_col-sm-12\"><div class=\"vc_column-inner\"><div class=\"wpb_wrapper\"><div class=\"vc_row wpb_row vc_inner vc_row-fluid vc_row-o-equal-height vc_row-o-content-middle vc_row-flex\"><div class=\"wpb_column vc_column_container vc_col-sm-6\"><div class=\"vc_column-inner\"><div class=\"wpb_wrapper\">\n\t<div  class=\"wpb_single_image wpb_content_element vc_align_center\">\n\t\t\n\t\t<figure class=\"wpb_wrapper vc_figure\">\n\t\t\t<div class=\"vc_single_image-wrapper vc_box_rounded  vc_box_border_grey\"><img decoding=\"async\" srcset=\"https:\/\/soledadmartinezaparicio.com\/wp-content\/uploads\/2023\/10\/videollamada-1056x1056.jpg 2x\" class=\"vc_single_image-img \" src=\"https:\/\/soledadmartinezaparicio.com\/wp-content\/uploads\/2023\/10\/videollamada-528x528.jpg\" width=\"528\" height=\"528\" alt=\"videollamada\" title=\"videollamada\" loading=\"lazy\" \/><\/div>\n\t\t<\/figure>\n\t<\/div>\n<\/div><\/div><\/div><div class=\"wpb_column vc_column_container vc_col-sm-6\"><div class=\"vc_column-inner\"><div class=\"wpb_wrapper\">\n\t<div class=\"wpb_text_column wpb_content_element \" >\n\t\t<div class=\"wpb_wrapper\">\n\t\t\t<h2 style=\"text-align: left\">ASESOR\u00cdAS<\/h2>\n\n\t\t<\/div>\n\t<\/div>\n\n\t<div class=\"wpb_text_column wpb_content_element  handletters subtitle\" >\n\t\t<div class=\"wpb_wrapper\">\n\t\t\t<p style=\"text-align: left\">Virtuales<\/p>\n\n\t\t<\/div>\n\t<\/div>\n\n\t<div class=\"wpb_text_column wpb_content_element \" >\n\t\t<div class=\"wpb_wrapper\">\n\t\t\t<p>Nuestra asesor\u00eda por videollamada es una oportunidad eficiente y conveniente para obtener orientaci\u00f3n y asistencia profesional sin la necesidad de la presencialidad.<\/p>\n<p>El tiempo estimado de este servicio en l\u00ednea es de cuarenta y cinco minutos a una hora.<\/p>\n\n\t\t<\/div>\n\t<\/div>\n<\/div><\/div><\/div><\/div><\/div><\/div><\/div><\/div>\n\n<div data-vc-full-width=\"true\" data-vc-full-width-init=\"false\" class=\"vc_row wpb_row vc_row-fluid vc_custom_1703175207292 vc_row-has-fill\">\n        <div class=\"wpb_column vc_column_container vc_col-sm-12\"><div class=\"vc_column-inner\"><div class=\"wpb_wrapper\"><div class=\"vc_row wpb_row vc_inner vc_row-fluid vc_custom_1703175116384\"><div class=\"wpb_column vc_column_container vc_col-sm-12\"><div class=\"vc_column-inner\"><div class=\"wpb_wrapper\">\n\t<div class=\"wpb_text_column wpb_content_element  handletters module_title\" >\n\t\t<div class=\"wpb_wrapper\">\n\t\t\t<p style=\"text-align: center;color: #7e6322!important\">\u00bfQu\u00e9 esperar de nuestra asesor\u00eda?<\/p>\n\n\t\t<\/div>\n\t<\/div>\n<\/div><\/div><\/div><\/div><div class=\"vc_row wpb_row vc_inner vc_row-fluid vc_column-gap-15 vc_row-o-equal-height vc_row-flex\"><div class=\"wpb_column vc_column_container vc_col-sm-4 vc_col-has-fill\"><div class=\"vc_column-inner vc_custom_1698850936329\"><div class=\"wpb_wrapper\">\n\t<div class=\"wpb_text_column wpb_content_element  handletters module_title\" >\n\t\t<div class=\"wpb_wrapper\">\n\t\t\t<p style=\"text-align: center\">Entrevista Inicial<\/p>\n\n\t\t<\/div>\n\t<\/div>\n\n\t<div class=\"wpb_text_column wpb_content_element \" >\n\t\t<div class=\"wpb_wrapper\">\n\t\t\t<p style=\"text-align: center\">Este momento de interacci\u00f3n inicial es determinante \u00a0para comprender tus necesidades, preferencias, estilo de vida y objetivos espec\u00edficos para el espacio.<\/p>\n\n\t\t<\/div>\n\t<\/div>\n<\/div><\/div><\/div><div class=\"wpb_column vc_column_container vc_col-sm-4 vc_col-has-fill\"><div class=\"vc_column-inner vc_custom_1698850946645\"><div class=\"wpb_wrapper\">\n\t<div class=\"wpb_text_column wpb_content_element  handletters module_title\" >\n\t\t<div class=\"wpb_wrapper\">\n\t\t\t<p style=\"text-align: center\">Revisi\u00f3n del Espacio<\/p>\n\n\t\t<\/div>\n\t<\/div>\n\n\t<div class=\"wpb_text_column wpb_content_element \" >\n\t\t<div class=\"wpb_wrapper\">\n\t\t\t<p style=\"text-align: center\">Es importante \u00a0llevar a cabo un tour virtual del espacio que deseas consultar. A trav\u00e9s de la videollamada, podr\u00e1s mostrar detalles relevantes, como la disposici\u00f3n de muebles existentes, la iluminaci\u00f3n, y cualquier elemento arquitect\u00f3nico.<\/p>\n\n\t\t<\/div>\n\t<\/div>\n<\/div><\/div><\/div><div class=\"wpb_column vc_column_container vc_col-sm-4 vc_col-has-fill\"><div class=\"vc_column-inner vc_custom_1698850958979\"><div class=\"wpb_wrapper\">\n\t<div class=\"wpb_text_column wpb_content_element  handletters module_title\" >\n\t\t<div class=\"wpb_wrapper\">\n\t\t\t<p style=\"text-align: center\">Discusi\u00f3n de Ideas<\/p>\n\n\t\t<\/div>\n\t<\/div>\n\n\t<div class=\"wpb_text_column wpb_content_element \" >\n\t\t<div class=\"wpb_wrapper\">\n\t\t\t<p style=\"text-align: center\">Lograr sinergia y acuerdos de ideas preliminares y conceptos de dise\u00f1o, es clave. Podr\u00e1s compartir im\u00e1genes de inspiraci\u00f3n, esquemas de color deseados y cualquier otro elemento que te gustar\u00eda incorporar en\u00a0 tu espacio.<\/p>\n\n\t\t<\/div>\n\t<\/div>\n<\/div><\/div><\/div><div class=\"wpb_column vc_column_container vc_col-sm-4 vc_col-has-fill\"><div class=\"vc_column-inner vc_custom_1698850969760\"><div class=\"wpb_wrapper\">\n\t<div class=\"wpb_text_column wpb_content_element  handletters module_title\" >\n\t\t<div class=\"wpb_wrapper\">\n\t\t\t<p style=\"text-align: center\">An\u00e1lisis de Estilo<\/p>\n\n\t\t<\/div>\n\t<\/div>\n\n\t<div class=\"wpb_text_column wpb_content_element \" >\n\t\t<div class=\"wpb_wrapper\">\n\t\t\t<p style=\"text-align: center\">Te ayudaremos a identificar tu estilo de dise\u00f1o preferido y c\u00f3mo se puede integrar de manera efectiva en el espacio.<\/p>\n\n\t\t<\/div>\n\t<\/div>\n<\/div><\/div><\/div><div class=\"wpb_column vc_column_container vc_col-sm-4 vc_col-has-fill\"><div class=\"vc_column-inner vc_custom_1698851008410\"><div class=\"wpb_wrapper\">\n\t<div class=\"wpb_text_column wpb_content_element  handletters module_title\" >\n\t\t<div class=\"wpb_wrapper\">\n\t\t\t<p style=\"text-align: center\">Asesoramiento T\u00e9cnico<\/p>\n\n\t\t<\/div>\n\t<\/div>\n\n\t<div class=\"wpb_text_column wpb_content_element \" >\n\t\t<div class=\"wpb_wrapper\">\n\t\t\t<p style=\"text-align: center\">Recibir\u00e1s orientaci\u00f3n t\u00e9cnica sobre la disposici\u00f3n del espacio, el uso de colores, la iluminaci\u00f3n, la selecci\u00f3n de materiales y cualquier otra consideraci\u00f3n t\u00e9cnica relevante.<\/p>\n\n\t\t<\/div>\n\t<\/div>\n<\/div><\/div><\/div><div class=\"wpb_column vc_column_container vc_col-sm-4 vc_col-has-fill\"><div class=\"vc_column-inner vc_custom_1698850999892\"><div class=\"wpb_wrapper\">\n\t<div class=\"wpb_text_column wpb_content_element  handletters module_title\" >\n\t\t<div class=\"wpb_wrapper\">\n\t\t\t<p style=\"text-align: center\">Presentaci\u00f3n de Ideas<\/p>\n\n\t\t<\/div>\n\t<\/div>\n\n\t<div class=\"wpb_text_column wpb_content_element \" >\n\t\t<div class=\"wpb_wrapper\">\n\t\t\t<p style=\"text-align: center\">Seg\u00fan el caso, presentaremos propuestas preliminares durante la videollamada para obtener tu feedback inmediato.<\/p>\n\n\t\t<\/div>\n\t<\/div>\n<\/div><\/div><\/div><div class=\"wpb_column vc_column_container vc_col-sm-4 vc_col-has-fill\"><div class=\"vc_column-inner vc_custom_1698850990377\"><div class=\"wpb_wrapper\">\n\t<div class=\"wpb_text_column wpb_content_element  handletters module_title\" >\n\t\t<div class=\"wpb_wrapper\">\n\t\t\t<p style=\"text-align: center\">Recursos y Referencias<\/p>\n\n\t\t<\/div>\n\t<\/div>\n\n\t<div class=\"wpb_text_column wpb_content_element \" >\n\t\t<div class=\"wpb_wrapper\">\n\t\t\t<p style=\"text-align: center\">Si es necesario compartiremos recursos visuales, como im\u00e1genes de muebles, accesorios, y materiales que se adapten a tus preferencias y al dise\u00f1o general propuesto.<\/p>\n\n\t\t<\/div>\n\t<\/div>\n<\/div><\/div><\/div><div class=\"wpb_column vc_column_container vc_col-sm-4 vc_col-has-fill\"><div class=\"vc_column-inner vc_custom_1698851018558\"><div class=\"wpb_wrapper\">\n\t<div class=\"wpb_text_column wpb_content_element  handletters module_title\" >\n\t\t<div class=\"wpb_wrapper\">\n\t\t\t<p style=\"text-align: center\">Planificaci\u00f3n del Siguiente Paso<\/p>\n\n\t\t<\/div>\n\t<\/div>\n\n\t<div class=\"wpb_text_column wpb_content_element \" >\n\t\t<div class=\"wpb_wrapper\">\n\t\t\t<p style=\"text-align: center\">Al final de la videollamada, se discutir\u00e1 el siguiente paso del proceso de dise\u00f1o, ya sea la creaci\u00f3n de planos detallados (otro tipo de asesor\u00eda), la selecci\u00f3n de muebles, o cualquier otra fase del proyecto<\/p>\n\n\t\t<\/div>\n\t<\/div>\n<\/div><\/div><\/div><\/div><\/div><\/div><\/div><\/div>\n<div class=\"vc_row-full-width vc_clearfix\"><\/div>\n<div class=\"vc_row wpb_row vc_row-fluid title\">\n        <div class=\"wpb_column vc_column_container vc_col-sm-3\"><div class=\"vc_column-inner\"><div class=\"wpb_wrapper\"><\/div><\/div><\/div><div class=\"wpb_column vc_column_container vc_col-sm-6\"><div class=\"vc_column-inner\"><div class=\"wpb_wrapper\">\n\t<div class=\"wpb_text_column wpb_content_element \" >\n\t\t<div class=\"wpb_wrapper\">\n\t\t\t<h2 style=\"text-align: center\">TRABAJEMOS<\/h2>\n\n\t\t<\/div>\n\t<\/div>\n\n\t<div class=\"wpb_text_column wpb_content_element  handletters subtitle\" >\n\t\t<div class=\"wpb_wrapper\">\n\t\t\t<p style=\"text-align: center\">juntos<\/p>\n\n\t\t<\/div>\n\t<\/div>\n\n\t<div class=\"wpb_text_column wpb_content_element \" >\n\t\t<div class=\"wpb_wrapper\">\n\t\t\t<p style=\"text-align: center\"><span style=\"font-weight: 400\">Si buscas transformar un espacio, ya sea en tu hogar o lugar de trabajo, estamos aqu\u00ed para ayudarte<\/span><\/p>\n\n\t\t<\/div>\n\t<\/div>\n<div class=\"vc_btn3-container vc_btn3-center vc_custom_1698855950824\" >\n\t<a style=\"background-color:rgb(237,237,237);background-color:rgba(237,237,237,0.01); color:#b69950;\" class=\"vc_general vc_btn3 vc_btn3-size-md vc_btn3-shape-rounded vc_btn3-style-custom vc_btn3-icon-left\" href=\"https:\/\/soledadmartinezaparicio.com\/contacto\/\" title=\"Contacto\"><i class=\"vc_btn3-icon fas fa-envelope\"><\/i> ENVIAR UN MENSAJE<\/a><\/div>\n<div class=\"vc_btn3-container vc_btn3-center\" >\n\t<a style=\"background-color:rgb(237,237,237);background-color:rgba(237,237,237,0.01); color:#b69950;\" class=\"vc_general vc_btn3 vc_btn3-size-md vc_btn3-shape-rounded vc_btn3-style-custom vc_btn3-icon-left\" href=\"tel:3113435220\" title=\"\"><i class=\"vc_btn3-icon fas fa-mobile-alt\"><\/i> LLAMAR POR TEL\u00c9FONO<\/a><\/div>\n<\/div><\/div><\/div><div class=\"wpb_column vc_column_container vc_col-sm-3\"><div class=\"vc_column-inner\"><div class=\"wpb_wrapper\"><\/div><\/div><\/div><\/div>\n<\/div>","protected":false},"excerpt":{"rendered":"ASESOR\u00cdAS Virtuales Nuestra asesor\u00eda por videollamada es una oportunidad eficiente y conveniente para obtener orientaci\u00f3n y asistencia profesional sin la necesidad de la presencialidad. El tiempo estimado de este servicio en l\u00ednea es de cuarenta y cinco minutos a una hora. \u00bfQu\u00e9 esperar de nuestra asesor\u00eda? Entrevista Inicial Este momento de interacci\u00f3n inicial es determinante [...]","protected":false},"author":2,"featured_media":0,"parent":0,"menu_order":0,"comment_status":"closed","ping_status":"closed","template":"","meta":{"_coblocks_attr":"","_coblocks_dimensions":"","_coblocks_responsive_height":"","_coblocks_accordion_ie_support":"","_joinchat":[],"footnotes":""},"class_list":["post-6080","page","type-page","status-publish","hentry"],"_links":{"self":[{"href":"https:\/\/soledadmartinezaparicio.com\/en\/wp-json\/wp\/v2\/pages\/6080","targetHints":{"allow":["GET"]}}],"collection":[{"href":"https:\/\/soledadmartinezaparicio.com\/en\/wp-json\/wp\/v2\/pages"}],"about":[{"href":"https:\/\/soledadmartinezaparicio.com\/en\/wp-json\/wp\/v2\/types\/page"}],"author":[{"embeddable":true,"href":"https:\/\/soledadmartinezaparicio.com\/en\/wp-json\/wp\/v2\/users\/2"}],"replies":[{"embeddable":true,"href":"https:\/\/soledadmartinezaparicio.com\/en\/wp-json\/wp\/v2\/comments?post=6080"}],"version-history":[{"count":23,"href":"https:\/\/soledadmartinezaparicio.com\/en\/wp-json\/wp\/v2\/pages\/6080\/revisions"}],"predecessor-version":[{"id":6656,"href":"https:\/\/soledadmartinezaparicio.com\/en\/wp-json\/wp\/v2\/pages\/6080\/revisions\/6656"}],"wp:attachment":[{"href":"https:\/\/soledadmartinezaparicio.com\/en\/wp-json\/wp\/v2\/media?parent=6080"}],"curies":[{"name":"wp","href":"https:\/\/api.w.org\/{rel}","templated":true}]}}