{"id":6093,"date":"2023-10-23T02:33:52","date_gmt":"2023-10-23T02:33:52","guid":{"rendered":"https:\/\/soledadmartinezaparicio.com\/?page_id=6093"},"modified":"2023-12-21T16:34:27","modified_gmt":"2023-12-21T16:34:27","slug":"asesoria-presencial","status":"publish","type":"page","link":"https:\/\/soledadmartinezaparicio.com\/en\/asesoria-presencial\/","title":{"rendered":"On-site Consulting"},"content":{"rendered":"<div class=\"wpb-content-wrapper\"><div class=\"vc_row wpb_row vc_row-fluid vc_custom_1698023247256\">\n        <div class=\"wpb_column vc_column_container vc_col-sm-12\"><div class=\"vc_column-inner\"><div class=\"wpb_wrapper\">\n\t\t\t<!-- START Asesor\u00edas Presencial REVOLUTION SLIDER 6.6.18 --><p class=\"rs-p-wp-fix\"><\/p>\n\t\t\t<rs-module-wrap id=\"rev_slider_8_1_wrapper\" data-source=\"gallery\" style=\"visibility:hidden;background:transparent;padding:0;margin:0px auto;margin-top:0;margin-bottom:0;\">\n\t\t\t\t<rs-module id=\"rev_slider_8_1\" style=\"\" data-version=\"6.6.18\">\n\t\t\t\t\t<rs-slides style=\"overflow: hidden; position: absolute;\">\n\t\t\t\t\t\t<rs-slide style=\"position: absolute;\" data-key=\"rs-8\" data-title=\"Living\" data-in=\"o:0;\" data-out=\"a:false;\">\n\t\t\t\t\t\t\t<img decoding=\"async\" src=\"\/\/soledadmartinezaparicio.com\/wp-content\/plugins\/revslider\/public\/assets\/assets\/dummy.png\" alt=\"\" title=\"sma_master_bedroom\" width=\"1920\" height=\"1080\" class=\"rev-slidebg tp-rs-img rs-lazyload\" data-lazyload=\"\/\/soledadmartinezaparicio.com\/wp-content\/uploads\/2023\/11\/sma_master_bedroom.png\" data-parallax=\"off\" data-panzoom=\"d:10000;ss:100;se:120%;os:100px\/0;oe:0px\/0;\" data-no-retina>\n<!---->\t\t\t\t\t\t<\/rs-slide>\n\t\t\t\t\t<\/rs-slides>\n\t\t\t\t<\/rs-module>\n\t\t\t\t<script>\n\t\t\t\t\tsetREVStartSize({c: 'rev_slider_8_1',rl:[1240,1024,778,480],el:[400],gw:[1240],gh:[400],type:'standard',justify:'',layout:'fullwidth',mh:\"0\"});if (window.RS_MODULES!==undefined && window.RS_MODULES.modules!==undefined && window.RS_MODULES.modules[\"revslider81\"]!==undefined) {window.RS_MODULES.modules[\"revslider81\"].once = false;window.revapi8 = undefined;if (window.RS_MODULES.checkMinimal!==undefined) window.RS_MODULES.checkMinimal()}\n\t\t\t\t<\/script>\n\t\t\t<\/rs-module-wrap>\n\t\t\t<!-- END REVOLUTION SLIDER -->\n<\/div><\/div><\/div><\/div>\n\n<div class=\"vc_row wpb_row vc_row-fluid title\">\n        <div class=\"wpb_column vc_column_container vc_col-sm-12\"><div class=\"vc_column-inner\"><div class=\"wpb_wrapper\"><div class=\"vc_row wpb_row vc_inner vc_row-fluid vc_row-o-equal-height vc_row-flex\"><div class=\"wpb_column vc_column_container vc_col-sm-6\"><div class=\"vc_column-inner\"><div class=\"wpb_wrapper\">\n\t<div  class=\"wpb_single_image wpb_content_element vc_align_center\">\n\t\t\n\t\t<figure class=\"wpb_wrapper vc_figure\">\n\t\t\t<div class=\"vc_single_image-wrapper vc_box_rounded  vc_box_border_grey\"><img decoding=\"async\" srcset=\"https:\/\/soledadmartinezaparicio.com\/wp-content\/uploads\/2023\/10\/asesoriapresencial-1056x1256.jpg 2x\" class=\"vc_single_image-img \" src=\"https:\/\/soledadmartinezaparicio.com\/wp-content\/uploads\/2023\/10\/asesoriapresencial-528x628.jpg\" width=\"528\" height=\"628\" alt=\"asesoriapresencial\" title=\"asesoriapresencial\" loading=\"lazy\" \/><\/div>\n\t\t<\/figure>\n\t<\/div>\n<\/div><\/div><\/div><div class=\"wpb_column vc_column_container vc_col-sm-6\"><div class=\"vc_column-inner\"><div class=\"wpb_wrapper\">\n\t<div class=\"wpb_text_column wpb_content_element \" >\n\t\t<div class=\"wpb_wrapper\">\n\t\t\t<h5>DISE\u00d1O DE INTERIORES A TU ALCANCE<\/h5>\n\n\t\t<\/div>\n\t<\/div>\n\n\t<div class=\"wpb_text_column wpb_content_element \" >\n\t\t<div class=\"wpb_wrapper\">\n\t\t\t<h2 style=\"text-align: left\">ASESOR\u00cdA<\/h2>\n\n\t\t<\/div>\n\t<\/div>\n\n\t<div class=\"wpb_text_column wpb_content_element  handletters subtitle\" >\n\t\t<div class=\"wpb_wrapper\">\n\t\t\t<p style=\"text-align: left\">Presencial<\/p>\n\n\t\t<\/div>\n\t<\/div>\n\n\t<div class=\"wpb_text_column wpb_content_element \" >\n\t\t<div class=\"wpb_wrapper\">\n\t\t\t<p><span style=\"font-weight: 400\">Bienvenido a la experiencia de nuestra Asesor\u00eda Presencial. Transformamos tus espacios frente a tus ojos, combinando nuestra experiencia en dise\u00f1o de interiores con tu visi\u00f3n \u00fanica.<\/span><\/p>\n<p><span style=\"font-weight: 400\">Nuestra asesor\u00eda tiene una duraci\u00f3n de 1 hora aproximadamente y est\u00e1 sujeto a disponibilidad en la ciudad de Barranquilla.<\/span><\/p>\n<p><span style=\"font-weight: 400\">\u00a0Si se encuentra fuera de la ciudad, podemos trasladarnos hacia el sitio y los vi\u00e1ticos ser\u00e1n asumidos por el cliente.\u00a0<\/span><\/p>\n<h3>\u00bfC\u00f3mo Funciona?<\/h3>\n<p><span style=\"font-weight: 400\">La Asesor\u00eda Presencial se destaca por el contacto directo y la inmediatez del proceso. Aqu\u00ed te detallamos los pasos:<\/span><\/p>\n\n\t\t<\/div>\n\t<\/div>\n<\/div><\/div><\/div><\/div><\/div><\/div><\/div><\/div>\n\n<div data-vc-full-width=\"true\" data-vc-full-width-init=\"false\" class=\"vc_row wpb_row vc_row-fluid vc_custom_1698025991959 vc_row-has-fill\">\n        <div class=\"wpb_column vc_column_container vc_col-sm-12\"><div class=\"vc_column-inner\"><div class=\"wpb_wrapper\"><div class=\"vc_row wpb_row vc_inner vc_row-fluid vc_column-gap-15 vc_row-o-equal-height vc_row-flex\"><div class=\"wpb_column vc_column_container vc_col-sm-4 vc_col-has-fill\"><div class=\"vc_column-inner vc_custom_1698851326830\"><div class=\"wpb_wrapper\">\n\t<div class=\"wpb_text_column wpb_content_element  handletters module_title\" >\n\t\t<div class=\"wpb_wrapper\">\n\t\t\t<p style=\"text-align: center\">Encuentro Inicial<\/p>\n\n\t\t<\/div>\n\t<\/div>\n\n\t<div class=\"wpb_text_column wpb_content_element \" >\n\t\t<div class=\"wpb_wrapper\">\n\t\t\t<p style=\"text-align: center\"><span style=\"font-weight: 400\">Nos reunimos contigo en tu espacio para obtener una comprensi\u00f3n completa de la atm\u00f3sfera, tus preferencias y las particularidades del entorno.<\/span><\/p>\n<p style=\"text-align: center\"><span style=\"font-weight: 400\">Analizamos la disposici\u00f3n actual y discutimos tus objetivos y deseos para la transformaci\u00f3n.<\/span><\/p>\n\n\t\t<\/div>\n\t<\/div>\n<\/div><\/div><\/div><div class=\"wpb_column vc_column_container vc_col-sm-4 vc_col-has-fill\"><div class=\"vc_column-inner vc_custom_1698851344705\"><div class=\"wpb_wrapper\">\n\t<div class=\"wpb_text_column wpb_content_element  handletters module_title\" >\n\t\t<div class=\"wpb_wrapper\">\n\t\t\t<p style=\"text-align: center\">Exploraci\u00f3n del Espacio<\/p>\n\n\t\t<\/div>\n\t<\/div>\n\n\t<div class=\"wpb_text_column wpb_content_element \" >\n\t\t<div class=\"wpb_wrapper\">\n\t\t\t<p style=\"text-align: center\"><span style=\"font-weight: 400\">Recorremos el espacio para entender sus dimensiones, la entrada de luz natural, y cualquier caracter\u00edstica arquitect\u00f3nica clave.<\/span><\/p>\n<p style=\"text-align: center\"><span style=\"font-weight: 400\">Capturamos la esencia \u00fanica de tu espacio, identificando \u00e1reas de enfoque y oportunidades de dise\u00f1o.<\/span><\/p>\n\n\t\t<\/div>\n\t<\/div>\n<\/div><\/div><\/div><div class=\"wpb_column vc_column_container vc_col-sm-4 vc_col-has-fill\"><div class=\"vc_column-inner vc_custom_1698851354237\"><div class=\"wpb_wrapper\">\n\t<div class=\"wpb_text_column wpb_content_element  handletters module_title\" >\n\t\t<div class=\"wpb_wrapper\">\n\t\t\t<p style=\"text-align: center\">Selecci\u00f3n de Materiales y Accesorios<\/p>\n\n\t\t<\/div>\n\t<\/div>\n\n\t<div class=\"wpb_text_column wpb_content_element \" >\n\t\t<div class=\"wpb_wrapper\">\n\t\t\t<p style=\"text-align: center\"><span style=\"font-weight: 400\">Te guiamos en la elecci\u00f3n de colores, texturas, materiales y accesorios mientras exploramos opciones f\u00edsicas y visualizamos c\u00f3mo se integrar\u00e1n en tu espacio.<\/span><\/p>\n\n\t\t<\/div>\n\t<\/div>\n<\/div><\/div><\/div><div class=\"wpb_column vc_column_container vc_col-sm-4 vc_col-has-fill\"><div class=\"vc_column-inner vc_custom_1698851363841\"><div class=\"wpb_wrapper\">\n\t<div class=\"wpb_text_column wpb_content_element  handletters module_title\" >\n\t\t<div class=\"wpb_wrapper\">\n\t\t\t<p style=\"text-align: center\">Planificaci\u00f3n Espacial<\/p>\n\n\t\t<\/div>\n\t<\/div>\n\n\t<div class=\"wpb_text_column wpb_content_element \" >\n\t\t<div class=\"wpb_wrapper\">\n\t\t\t<p style=\"text-align: center\"><span style=\"font-weight: 400\">Creamos esquemas espaciales directamente en tu ubicaci\u00f3n, asegur\u00e1ndonos de que cada elemento se ajuste perfectamente al entorno.<\/span><\/p>\n<p style=\"text-align: center\"><span style=\"font-weight: 400\">Abordamos preguntas o preocupaciones sobre la ejecuci\u00f3n pr\u00e1ctica del dise\u00f1o.<\/span><\/p>\n<p style=\"text-align: center\"><span style=\"font-weight: 400\">\u00a0<\/span><\/p>\n\n\t\t<\/div>\n\t<\/div>\n<\/div><\/div><\/div><div class=\"wpb_column vc_column_container vc_col-sm-4 vc_col-has-fill\"><div class=\"vc_column-inner vc_custom_1698851373387\"><div class=\"wpb_wrapper\">\n\t<div class=\"wpb_text_column wpb_content_element  handletters module_title\" >\n\t\t<div class=\"wpb_wrapper\">\n\t\t\t<p style=\"text-align: center\">Entrega del Plan Personalizado<\/p>\n\n\t\t<\/div>\n\t<\/div>\n\n\t<div class=\"wpb_text_column wpb_content_element \" >\n\t\t<div class=\"wpb_wrapper\">\n\t\t\t<p style=\"text-align: center\"><span style=\"font-weight: 400\">Al finalizar la asesor\u00eda, te proporcionamos un plan detallado y personalizado que sirve como gu\u00eda para la implementaci\u00f3n del proyecto.<\/span><\/p>\n<p style=\"text-align: center\"><span style=\"font-weight: 400\">Este plan incluye recomendaciones espec\u00edficas, esquemas de dise\u00f1o, y sugerencias para la ejecuci\u00f3n pr\u00e1ctica.<\/span><\/p>\n\n\t\t<\/div>\n\t<\/div>\n<\/div><\/div><\/div><\/div><\/div><\/div><\/div><\/div>\n<div class=\"vc_row-full-width vc_clearfix\"><\/div>\n<div class=\"vc_row wpb_row vc_row-fluid vc_custom_1698854426561\">\n        <div class=\"wpb_column vc_column_container vc_col-sm-12\"><div class=\"vc_column-inner vc_custom_1698854435514\"><div class=\"wpb_wrapper\">\n\t\t\t<!-- START Asesorias presenciales Slider REVOLUTION SLIDER 6.6.18 --><p class=\"rs-p-wp-fix\"><\/p>\n\t\t\t<rs-module-wrap id=\"rev_slider_10_2_wrapper\" data-source=\"gallery\" style=\"visibility:hidden;background:transparent;padding:0;margin:0px auto;margin-top:0;margin-bottom:0;\">\n\t\t\t\t<rs-module id=\"rev_slider_10_2\" style=\"\" data-version=\"6.6.18\">\n\t\t\t\t\t<rs-slides style=\"overflow: hidden; position: absolute;\">\n\t\t\t\t\t\t<rs-slide style=\"position: absolute;\" data-key=\"rs-37\" data-title=\"Slide\" data-thumb=\"\/\/soledadmartinezaparicio.com\/wp-content\/uploads\/2023\/11\/01_MASTER-BEDROOM-50x100.png\" data-in=\"o:0;\" data-out=\"a:false;\">\n\t\t\t\t\t\t\t<img decoding=\"async\" src=\"\/\/soledadmartinezaparicio.com\/wp-content\/plugins\/revslider\/public\/assets\/assets\/dummy.png\" alt=\"\" title=\"01_MASTER BEDROOM\" width=\"1920\" height=\"1080\" class=\"rev-slidebg tp-rs-img rs-lazyload\" data-lazyload=\"\/\/soledadmartinezaparicio.com\/wp-content\/uploads\/2023\/11\/01_MASTER-BEDROOM.png\" data-panzoom=\"d:10000;ss:110%;se:100;\" data-no-retina>\n<!---->\t\t\t\t\t\t<\/rs-slide>\n\t\t\t\t\t\t<rs-slide style=\"position: absolute;\" data-key=\"rs-38\" data-title=\"Slide\" data-thumb=\"\/\/soledadmartinezaparicio.com\/wp-content\/uploads\/2023\/11\/02_MASTER-BEDROOM-50x100.png\" data-in=\"o:0;\" data-out=\"a:false;\">\n\t\t\t\t\t\t\t<img decoding=\"async\" src=\"\/\/soledadmartinezaparicio.com\/wp-content\/plugins\/revslider\/public\/assets\/assets\/dummy.png\" alt=\"\" title=\"02_MASTER BEDROOM\" width=\"1920\" height=\"1080\" class=\"rev-slidebg tp-rs-img rs-lazyload\" data-lazyload=\"\/\/soledadmartinezaparicio.com\/wp-content\/uploads\/2023\/11\/02_MASTER-BEDROOM.png\" data-panzoom=\"d:10000;ss:110%;se:100;\" data-no-retina>\n<!---->\t\t\t\t\t\t<\/rs-slide>\n\t\t\t\t\t\t<rs-slide style=\"position: absolute;\" data-key=\"rs-39\" data-title=\"Slide\" data-thumb=\"\/\/soledadmartinezaparicio.com\/wp-content\/uploads\/2023\/11\/03_MASTER-BEDROOM-50x100.png\" data-in=\"o:0;\" data-out=\"a:false;\">\n\t\t\t\t\t\t\t<img decoding=\"async\" src=\"\/\/soledadmartinezaparicio.com\/wp-content\/plugins\/revslider\/public\/assets\/assets\/dummy.png\" alt=\"\" title=\"03_MASTER BEDROOM\" width=\"1920\" height=\"1080\" class=\"rev-slidebg tp-rs-img rs-lazyload\" data-lazyload=\"\/\/soledadmartinezaparicio.com\/wp-content\/uploads\/2023\/11\/03_MASTER-BEDROOM.png\" data-panzoom=\"d:10000;ss:110%;se:100;\" data-no-retina>\n<!---->\t\t\t\t\t\t<\/rs-slide>\n\t\t\t\t\t\t<rs-slide style=\"position: absolute;\" data-key=\"rs-40\" data-title=\"Slide\" data-thumb=\"\/\/soledadmartinezaparicio.com\/wp-content\/uploads\/2023\/11\/04_MASTER-BEDROOM-50x100.png\" data-in=\"o:0;\" data-out=\"a:false;\">\n\t\t\t\t\t\t\t<img decoding=\"async\" src=\"\/\/soledadmartinezaparicio.com\/wp-content\/plugins\/revslider\/public\/assets\/assets\/dummy.png\" alt=\"\" title=\"04_MASTER BEDROOM\" width=\"1920\" height=\"1080\" class=\"rev-slidebg tp-rs-img rs-lazyload\" data-lazyload=\"\/\/soledadmartinezaparicio.com\/wp-content\/uploads\/2023\/11\/04_MASTER-BEDROOM.png\" data-panzoom=\"d:10000;ss:110%;se:100;\" data-no-retina>\n<!---->\t\t\t\t\t\t<\/rs-slide>\n\t\t\t\t\t<\/rs-slides>\n\t\t\t\t<\/rs-module>\n\t\t\t\t<script>\n\t\t\t\t\tsetREVStartSize({c: 'rev_slider_10_2',rl:[1240,1240,1240,480],el:[700,700,700,720],gw:[1280,1280,1280,480],gh:[700,700,700,720],type:'standard',justify:'',layout:'fullwidth',mh:\"0\"});if (window.RS_MODULES!==undefined && window.RS_MODULES.modules!==undefined && window.RS_MODULES.modules[\"revslider102\"]!==undefined) {window.RS_MODULES.modules[\"revslider102\"].once = false;window.revapi10 = undefined;if (window.RS_MODULES.checkMinimal!==undefined) window.RS_MODULES.checkMinimal()}\n\t\t\t\t<\/script>\n\t\t\t<\/rs-module-wrap>\n\t\t\t<!-- END REVOLUTION SLIDER -->\n<\/div><\/div><\/div><\/div>\n\n<div data-vc-full-width=\"true\" data-vc-full-width-init=\"false\" data-vc-stretch-content=\"true\" class=\"vc_row wpb_row vc_row-fluid vc_custom_1698856005578 vc_row-has-fill vc_row-no-padding vc_row-o-equal-height vc_row-flex\">\n        <div class=\"wpb_column vc_column_container vc_col-sm-12\"><div class=\"vc_column-inner\"><div class=\"wpb_wrapper\"><div class=\"vc_row wpb_row vc_inner vc_row-fluid\"><div class=\"wpb_column vc_column_container vc_col-sm-3\"><div class=\"vc_column-inner\"><div class=\"wpb_wrapper\"><\/div><\/div><\/div><div class=\"wpb_column vc_column_container vc_col-sm-6 vc_col-has-fill\"><div class=\"vc_column-inner vc_custom_1698025690598\"><div class=\"wpb_wrapper\">\n\t<div class=\"wpb_text_column wpb_content_element  handletters module_title\" >\n\t\t<div class=\"wpb_wrapper\">\n\t\t\t<p style=\"text-align: center\">Beneficios Clave<\/p>\n\n\t\t<\/div>\n\t<\/div>\n\n\t<div class=\"wpb_text_column wpb_content_element \" >\n\t\t<div class=\"wpb_wrapper\">\n\t\t\t<p style=\"text-align: center\"><span style=\"font-weight: 400\"><strong>Interacci\u00f3n Personalizada:<\/strong> Experimenta una colaboraci\u00f3n directa y participativa con nuestro equipo de dise\u00f1o.<\/span><\/p>\n<p style=\"text-align: center\"><span style=\"font-weight: 400\"><strong>Adaptaci\u00f3n Instant\u00e1nea:<\/strong> Realiza ajustes y toma decisiones sobre la marcha, asegurando que el dise\u00f1o se adapte perfectamente a tus necesidades y estilo de vida.<\/span><\/p>\n<p style=\"text-align: center\"><span style=\"font-weight: 400\"><strong>Evaluaci\u00f3n Pr\u00e1ctica:<\/strong> Visualiza el potencial de tu espacio en tiempo real, permiti\u00e9ndote tomar decisiones informadas sobre la marcha.<\/span><\/p>\n<p style=\"text-align: center\"><span style=\"font-weight: 400\">Descubre c\u00f3mo la Asesor\u00eda Presencial puede infundir nueva vida en tu entorno. \u00a1Cont\u00e1ctanos hoy para comenzar este emocionante viaje hacia la transformaci\u00f3n de tu espacio!<\/span><\/p>\n\n\t\t<\/div>\n\t<\/div>\n<\/div><\/div><\/div><div class=\"wpb_column vc_column_container vc_col-sm-3\"><div class=\"vc_column-inner\"><div class=\"wpb_wrapper\"><\/div><\/div><\/div><\/div><\/div><\/div><\/div><\/div>\n<div class=\"vc_row-full-width vc_clearfix\"><\/div>\n<div class=\"vc_row wpb_row vc_row-fluid title\">\n        <div class=\"wpb_column vc_column_container vc_col-sm-3\"><div class=\"vc_column-inner\"><div class=\"wpb_wrapper\"><\/div><\/div><\/div><div class=\"wpb_column vc_column_container vc_col-sm-6\"><div class=\"vc_column-inner\"><div class=\"wpb_wrapper\">\n\t<div class=\"wpb_text_column wpb_content_element \" >\n\t\t<div class=\"wpb_wrapper\">\n\t\t\t<h2 style=\"text-align: center\">TRABAJEMOS<\/h2>\n\n\t\t<\/div>\n\t<\/div>\n\n\t<div class=\"wpb_text_column wpb_content_element  handletters subtitle\" >\n\t\t<div class=\"wpb_wrapper\">\n\t\t\t<p style=\"text-align: center\">juntos<\/p>\n\n\t\t<\/div>\n\t<\/div>\n\n\t<div class=\"wpb_text_column wpb_content_element \" >\n\t\t<div class=\"wpb_wrapper\">\n\t\t\t<p style=\"text-align: center\"><span style=\"font-weight: 400\">Si buscas transformar un espacio, ya sea en tu hogar o lugar de trabajo, estamos aqu\u00ed para ayudarte<\/span><\/p>\n\n\t\t<\/div>\n\t<\/div>\n<div class=\"vc_btn3-container vc_btn3-center vc_custom_1698855950824\" >\n\t<a style=\"background-color:rgb(237,237,237);background-color:rgba(237,237,237,0.01); color:#b69950;\" class=\"vc_general vc_btn3 vc_btn3-size-md vc_btn3-shape-rounded vc_btn3-style-custom vc_btn3-icon-left\" href=\"https:\/\/soledadmartinezaparicio.com\/contacto\/\" title=\"Contacto\"><i class=\"vc_btn3-icon fas fa-envelope\"><\/i> ENVIAR UN MENSAJE<\/a><\/div>\n<div class=\"vc_btn3-container vc_btn3-center\" >\n\t<a style=\"background-color:rgb(237,237,237);background-color:rgba(237,237,237,0.01); color:#b69950;\" class=\"vc_general vc_btn3 vc_btn3-size-md vc_btn3-shape-rounded vc_btn3-style-custom vc_btn3-icon-left\" href=\"tel:3113435220\" title=\"\"><i class=\"vc_btn3-icon fas fa-mobile-alt\"><\/i> LLAMAR POR TEL\u00c9FONO<\/a><\/div>\n<\/div><\/div><\/div><div class=\"wpb_column vc_column_container vc_col-sm-3\"><div class=\"vc_column-inner\"><div class=\"wpb_wrapper\"><\/div><\/div><\/div><\/div>\n<\/div>","protected":false},"excerpt":{"rendered":"DISE\u00d1O DE INTERIORES A TU ALCANCE ASESOR\u00cdA Presencial Bienvenido a la experiencia de nuestra Asesor\u00eda Presencial. Transformamos tus espacios frente a tus ojos, combinando nuestra experiencia en dise\u00f1o de interiores con tu visi\u00f3n \u00fanica. Nuestra asesor\u00eda tiene una duraci\u00f3n de 1 hora aproximadamente y est\u00e1 sujeto a disponibilidad en la ciudad de Barranquilla. \u00a0Si se [...]","protected":false},"author":2,"featured_media":0,"parent":0,"menu_order":0,"comment_status":"closed","ping_status":"closed","template":"","meta":{"_coblocks_attr":"","_coblocks_dimensions":"","_coblocks_responsive_height":"","_coblocks_accordion_ie_support":"","_joinchat":[],"footnotes":""},"class_list":["post-6093","page","type-page","status-publish","hentry"],"_links":{"self":[{"href":"https:\/\/soledadmartinezaparicio.com\/en\/wp-json\/wp\/v2\/pages\/6093","targetHints":{"allow":["GET"]}}],"collection":[{"href":"https:\/\/soledadmartinezaparicio.com\/en\/wp-json\/wp\/v2\/pages"}],"about":[{"href":"https:\/\/soledadmartinezaparicio.com\/en\/wp-json\/wp\/v2\/types\/page"}],"author":[{"embeddable":true,"href":"https:\/\/soledadmartinezaparicio.com\/en\/wp-json\/wp\/v2\/users\/2"}],"replies":[{"embeddable":true,"href":"https:\/\/soledadmartinezaparicio.com\/en\/wp-json\/wp\/v2\/comments?post=6093"}],"version-history":[{"count":18,"href":"https:\/\/soledadmartinezaparicio.com\/en\/wp-json\/wp\/v2\/pages\/6093\/revisions"}],"predecessor-version":[{"id":6665,"href":"https:\/\/soledadmartinezaparicio.com\/en\/wp-json\/wp\/v2\/pages\/6093\/revisions\/6665"}],"wp:attachment":[{"href":"https:\/\/soledadmartinezaparicio.com\/en\/wp-json\/wp\/v2\/media?parent=6093"}],"curies":[{"name":"wp","href":"https:\/\/api.w.org\/{rel}","templated":true}]}}