{"id":7714,"date":"2025-05-29T13:18:43","date_gmt":"2025-05-29T18:18:43","guid":{"rendered":"https:\/\/soledadmartinezaparicio.com\/?page_id=7714"},"modified":"2025-07-17T17:38:16","modified_gmt":"2025-07-17T22:38:16","slug":"ebook-errores-que-danan-tu-decoracion","status":"publish","type":"page","link":"https:\/\/soledadmartinezaparicio.com\/en\/ebook-errores-que-danan-tu-decoracion\/","title":{"rendered":"Errores que da\u00f1an tu decoraci\u00f3n"},"content":{"rendered":"<div class=\"wpb-content-wrapper\">\n<div class=\"vc_row wpb_row vc_row-fluid title\">\n        <div class=\"wpb_column vc_column_container vc_col-sm-12\"><div class=\"vc_column-inner\"><div class=\"wpb_wrapper\">\n<div class=\"aea5d2f1c4608232e07d3aa3d998e5135 vc_empty_space\"\n         style=\"height: 64px\" >\n    <span class=\"vc_empty_space_inner\"><\/span>\n<\/div>\n<div class=\"vc_row wpb_row vc_inner vc_row-fluid\"><div class=\"wpb_column vc_column_container vc_col-sm-6\"><div class=\"vc_column-inner\"><div class=\"wpb_wrapper\">\n\t<div  class=\"wpb_single_image wpb_content_element vc_align_left  vc_custom_1749148017269  no-margin\">\n\t\t\n\t\t<figure class=\"wpb_wrapper vc_figure\">\n\t\t\t<div class=\"vc_single_image-wrapper   vc_box_border_grey\"><img decoding=\"async\" srcset=\"https:\/\/soledadmartinezaparicio.com\/wp-content\/uploads\/2025\/06\/FOTO-PORTADA-1100x1640.jpg 2x\" class=\"vc_single_image-img\" src=\"https:\/\/soledadmartinezaparicio.com\/wp-content\/uploads\/2025\/06\/FOTO-PORTADA-550x820.jpg\" width=\"550\" height=\"820\" alt=\"FOTO PORTADA\" title=\"FOTO PORTADA\" loading=\"lazy\" \/><\/div>\n\t\t<\/figure>\n\t<\/div>\n<\/div><\/div><\/div><div class=\"wpb_column vc_column_container vc_col-sm-6\"><div class=\"vc_column-inner\"><div class=\"wpb_wrapper\">\n\t<div class=\"wpb_text_column wpb_content_element\" >\n\t\t<div class=\"wpb_wrapper\">\n\t\t\t<h5 style=\"text-align: left;\">E-BOOK<\/h5>\n\n\t\t<\/div>\n\t<\/div>\n\n\t<div class=\"wpb_text_column wpb_content_element\" >\n\t\t<div class=\"wpb_wrapper\">\n\t\t\t<h3 style=\"text-align: left;\">ERRORES QUE DA\u00d1AN TU DECORACI\u00d3N<\/h3>\n\n\t\t<\/div>\n\t<\/div>\n\n\t<div class=\"wpb_text_column wpb_content_element\" >\n\t\t<div class=\"wpb_wrapper\">\n\t\t\t<div class=\"stm_lms_udemy_headline\">\n<p>\u00bfSientes que algo no termina de encajar en la decoraci\u00f3n de tu hogar pero no sabes exactamente qu\u00e9 es? Este eBook gratuito fue creado para ti.<\/p>\n<p>Descubre los <strong data-start=\"313\" data-end=\"338\">7 errores m\u00e1s comunes<\/strong> que da\u00f1an la armon\u00eda y belleza de los espacios\u2026 y lo mejor: <strong data-start=\"399\" data-end=\"421\">c\u00f3mo solucionarlos<\/strong> de forma sencilla, pr\u00e1ctica y sin necesidad de tener conocimientos previos en dise\u00f1o.<\/p>\n<p>Es una herramienta pensada especialmente para quienes est\u00e1n comenzando, pero quieren tomar mejores decisiones, evitar frustraciones y aprender a mirar su casa con nuevos ojos.<\/p>\n<\/div>\n<div class=\"single_product_after_title\">\n<div class=\"pull-left stm_lms_teachers\">\n<div class=\"meta-unit teacher clearfix\"><strong data-start=\"686\" data-end=\"745\">Aprovecha este recurso como una gu\u00eda de autodiagn\u00f3stico<\/strong>, una br\u00fajula que te ayudar\u00e1 a entender por qu\u00e9 tu casa no se ve (ni se siente) como quisieras\u2026 y c\u00f3mo empezar a transformarla con intenci\u00f3n y estilo.<\/div>\n<\/div>\n<\/div>\n\n\t\t<\/div>\n\t<\/div>\n\n\n\t<div class=\"heading_font text-left  vc_custom_1748486138824 btn_number_66053\">\n\t\t<a href=\"https:\/\/apis.ropofy.com\/widget\/form\/hu1bZ6MwZrvjQI3lZutY\" class=\"btn btn-default btn-no-icon btn-normal-size\" title=\"DESCARGALO GRATIS\" style=\"color:#ffffff; background-color:#3f0d0c; border-color:#3f0d0c;\" target=\"_blank\">\n\t\t\t\t\t\t<span class=\"link-title\" style=\"background-color:#3f0d0c;\">QUIERO MI EBOOK<\/span>\n\t\t<\/a>\n\t<\/div>\n\n<style>\n\t\t\t.btn_number_66053 .btn.btn-default:after {\n\t\t\tbackground-color: #ae8931;\n\t\t}\n\t\n\t\n\t\n\t\t\t.btn_number_66053 .icon-btn:hover .link-title {\n\t\t\tbackground-color: #ae8931 !important;\n\t\t}\n\t\n\t\t\t.btn_number_66053 .icon-btn:hover{\n\t\t\tborder-color: #ae8931 !important;\n\t\t}\n\t\t.btn_number_66053 .icon-btn:hover .icon_in_btn{\n\t\t\tcolor: #ae8931 !important;\n\t\t\tborder-color: #ae8931 !important;\n\t\t}\n\t\n<\/style>\n<\/div><\/div><\/div><\/div><\/div><\/div><\/div><\/div>\n\n<\/div>","protected":false},"excerpt":{"rendered":"E-BOOK ERRORES QUE DA\u00d1AN TU DECORACI\u00d3N \u00bfSientes que algo no termina de encajar en la decoraci\u00f3n de tu hogar pero no sabes exactamente qu\u00e9 es? Este eBook gratuito fue creado para ti. Descubre los 7 errores m\u00e1s comunes que da\u00f1an la armon\u00eda y belleza de los espacios\u2026 y lo mejor: c\u00f3mo solucionarlos de forma sencilla, [...]","protected":false},"author":240,"featured_media":0,"parent":0,"menu_order":0,"comment_status":"closed","ping_status":"closed","template":"","meta":{"_coblocks_attr":"","_coblocks_dimensions":"","_coblocks_responsive_height":"","_coblocks_accordion_ie_support":"","_joinchat":[],"footnotes":""},"class_list":["post-7714","page","type-page","status-publish","hentry"],"_links":{"self":[{"href":"https:\/\/soledadmartinezaparicio.com\/en\/wp-json\/wp\/v2\/pages\/7714","targetHints":{"allow":["GET"]}}],"collection":[{"href":"https:\/\/soledadmartinezaparicio.com\/en\/wp-json\/wp\/v2\/pages"}],"about":[{"href":"https:\/\/soledadmartinezaparicio.com\/en\/wp-json\/wp\/v2\/types\/page"}],"author":[{"embeddable":true,"href":"https:\/\/soledadmartinezaparicio.com\/en\/wp-json\/wp\/v2\/users\/240"}],"replies":[{"embeddable":true,"href":"https:\/\/soledadmartinezaparicio.com\/en\/wp-json\/wp\/v2\/comments?post=7714"}],"version-history":[{"count":9,"href":"https:\/\/soledadmartinezaparicio.com\/en\/wp-json\/wp\/v2\/pages\/7714\/revisions"}],"predecessor-version":[{"id":7773,"href":"https:\/\/soledadmartinezaparicio.com\/en\/wp-json\/wp\/v2\/pages\/7714\/revisions\/7773"}],"wp:attachment":[{"href":"https:\/\/soledadmartinezaparicio.com\/en\/wp-json\/wp\/v2\/media?parent=7714"}],"curies":[{"name":"wp","href":"https:\/\/api.w.org\/{rel}","templated":true}]}}