{"id":7741,"date":"2025-07-15T10:02:24","date_gmt":"2025-07-15T15:02:24","guid":{"rendered":"https:\/\/soledadmartinezaparicio.com\/?page_id=7741"},"modified":"2025-07-17T17:39:08","modified_gmt":"2025-07-17T22:39:08","slug":"manual-para-escoger-tu-alfombra-segun-tu-estilo","status":"publish","type":"page","link":"https:\/\/soledadmartinezaparicio.com\/en\/manual-para-escoger-tu-alfombra-segun-tu-estilo\/","title":{"rendered":"Manual para escoger tu alfombra"},"content":{"rendered":"<div class=\"wpb-content-wrapper\">\n<div class=\"vc_row wpb_row vc_row-fluid title\">\n        <div class=\"wpb_column vc_column_container vc_col-sm-12\"><div class=\"vc_column-inner\"><div class=\"wpb_wrapper\">\n<div class=\"aea5d2f1c4608232e07d3aa3d998e5135 vc_empty_space\"\n         style=\"height: 64px\" >\n    <span class=\"vc_empty_space_inner\"><\/span>\n<\/div>\n<div class=\"vc_row wpb_row vc_inner vc_row-fluid\"><div class=\"wpb_column vc_column_container vc_col-sm-6\"><div class=\"vc_column-inner\"><div class=\"wpb_wrapper\">\n\t<div  class=\"wpb_single_image wpb_content_element vc_align_left  vc_custom_1751404534813  no-margin\">\n\t\t\n\t\t<figure class=\"wpb_wrapper vc_figure\">\n\t\t\t<div class=\"vc_single_image-wrapper   vc_box_border_grey\"><img decoding=\"async\" class=\"vc_single_image-img\" src=\"https:\/\/soledadmartinezaparicio.com\/wp-content\/uploads\/2025\/07\/WhatsApp-Image-2025-07-01-at-4.14.58-PM-550x820.jpeg\" width=\"550\" height=\"820\" alt=\"WhatsApp Image 2025-07-01 at 4.14.58 PM\" title=\"WhatsApp Image 2025-07-01 at 4.14.58 PM\" loading=\"lazy\" \/><\/div>\n\t\t<\/figure>\n\t<\/div>\n<\/div><\/div><\/div><div class=\"wpb_column vc_column_container vc_col-sm-6\"><div class=\"vc_column-inner\"><div class=\"wpb_wrapper\">\n\t<div class=\"wpb_text_column wpb_content_element\" >\n\t\t<div class=\"wpb_wrapper\">\n\t\t\t<h5 style=\"text-align: left;\">E-BOOK<\/h5>\n\n\t\t<\/div>\n\t<\/div>\n\n\t<div class=\"wpb_text_column wpb_content_element\" >\n\t\t<div class=\"wpb_wrapper\">\n\t\t\t<h3 style=\"text-align: left;\">MANUAL PARA ESCOGER TU ALFOMBRA SEG\u00daN TU ESTILO<\/h3>\n\n\t\t<\/div>\n\t<\/div>\n\n\t<div class=\"wpb_text_column wpb_content_element\" >\n\t\t<div class=\"wpb_wrapper\">\n\t\t\t<div class=\"stm_lms_udemy_headline\">\n<blockquote>\n<p style=\"text-align: left;\"><strong>\u00abDescubre el poder de las alfombras y transforma cada espacio con elegancia y prop\u00f3sito\u00bb<\/strong><\/p>\n<\/blockquote>\n<p data-start=\"327\" data-end=\"852\">\u00bfSab\u00edas que una alfombra bien elegida puede elevar por completo el estilo, la funcionalidad y la energ\u00eda de tu hogar?<\/p>\n<p>Este eBook es mucho m\u00e1s que una gu\u00eda decorativa: es una herramienta completa, pr\u00e1ctica y profundamente inspiradora para ayudarte a elegir, combinar y cuidar alfombras con criterio experto. Con informaci\u00f3n valiosa, ejemplos reales, recomendaciones profesionales y ejercicios interactivos, aprender\u00e1s a tomar decisiones con seguridad, evitar errores costosos y crear espacios con intenci\u00f3n, armon\u00eda y belleza.<\/p>\n<p data-start=\"854\" data-end=\"1096\"><em data-start=\"857\" data-end=\"1012\">Desde historia y materiales hasta tips de estilismo, mantenimiento y selecci\u00f3n por estilo de vida (incluidos ni\u00f1os y mascotas), este eBook lo tiene todo.<\/em> Es una inversi\u00f3n que te ahorrar\u00e1 tiempo, dinero y frustraciones en futuras compras.<\/p>\n<p data-start=\"1098\" data-end=\"1247\">No dejes pasar la oportunidad de adquirir este conocimiento: descarga hoy mismo tu gu\u00eda definitiva y empieza a transformar tu casa desde el suelo.<\/p>\n<\/div>\n\n\t\t<\/div>\n\t<\/div>\n\n\n\t<div class=\"heading_font text-left  vc_custom_1752791540176 btn_number_14538\">\n\t\t<a href=\"https:\/\/apis.ropofy.com\/widget\/form\/Sx9IymhJNPruzeAnXKNM\" class=\"btn btn-default btn-no-icon btn-normal-size\" title=\"DESCARGALO AQUI\" style=\"color:#ffffff; background-color:#3f0d0c; border-color:#3f0d0c;\" target=\"_blank\">\n\t\t\t\t\t\t<span class=\"link-title\" style=\"background-color:#3f0d0c;\">ADQUIERELO AQU\u00cd<\/span>\n\t\t<\/a>\n\t<\/div>\n\n<style>\n\t\t\t.btn_number_14538 .btn.btn-default:after {\n\t\t\tbackground-color: #ae8931;\n\t\t}\n\t\n\t\n\t\n\t\t\t.btn_number_14538 .icon-btn:hover .link-title {\n\t\t\tbackground-color: #ae8931 !important;\n\t\t}\n\t\n\t\t\t.btn_number_14538 .icon-btn:hover{\n\t\t\tborder-color: #ae8931 !important;\n\t\t}\n\t\t.btn_number_14538 .icon-btn:hover .icon_in_btn{\n\t\t\tcolor: #ae8931 !important;\n\t\t\tborder-color: #ae8931 !important;\n\t\t}\n\t\n<\/style>\n<\/div><\/div><\/div><\/div><\/div><\/div><\/div><\/div>\n\n<\/div>","protected":false},"excerpt":{"rendered":"E-BOOK MANUAL PARA ESCOGER TU ALFOMBRA SEG\u00daN TU ESTILO \"Descubre el poder de las alfombras y transforma cada espacio con elegancia y prop\u00f3sito\" \u00bfSab\u00edas que una alfombra bien elegida puede elevar por completo el estilo, la funcionalidad y la energ\u00eda de tu hogar? Este eBook es mucho m\u00e1s que una gu\u00eda decorativa: es una herramienta [...]","protected":false},"author":240,"featured_media":0,"parent":0,"menu_order":0,"comment_status":"closed","ping_status":"closed","template":"","meta":{"_coblocks_attr":"","_coblocks_dimensions":"","_coblocks_responsive_height":"","_coblocks_accordion_ie_support":"","_joinchat":[],"footnotes":""},"class_list":["post-7741","page","type-page","status-publish","hentry"],"_links":{"self":[{"href":"https:\/\/soledadmartinezaparicio.com\/en\/wp-json\/wp\/v2\/pages\/7741","targetHints":{"allow":["GET"]}}],"collection":[{"href":"https:\/\/soledadmartinezaparicio.com\/en\/wp-json\/wp\/v2\/pages"}],"about":[{"href":"https:\/\/soledadmartinezaparicio.com\/en\/wp-json\/wp\/v2\/types\/page"}],"author":[{"embeddable":true,"href":"https:\/\/soledadmartinezaparicio.com\/en\/wp-json\/wp\/v2\/users\/240"}],"replies":[{"embeddable":true,"href":"https:\/\/soledadmartinezaparicio.com\/en\/wp-json\/wp\/v2\/comments?post=7741"}],"version-history":[{"count":18,"href":"https:\/\/soledadmartinezaparicio.com\/en\/wp-json\/wp\/v2\/pages\/7741\/revisions"}],"predecessor-version":[{"id":7759,"href":"https:\/\/soledadmartinezaparicio.com\/en\/wp-json\/wp\/v2\/pages\/7741\/revisions\/7759"}],"wp:attachment":[{"href":"https:\/\/soledadmartinezaparicio.com\/en\/wp-json\/wp\/v2\/media?parent=7741"}],"curies":[{"name":"wp","href":"https:\/\/api.w.org\/{rel}","templated":true}]}}