{"id":7786,"date":"2025-08-15T10:55:18","date_gmt":"2025-08-15T15:55:18","guid":{"rendered":"https:\/\/soledadmartinezaparicio.com\/?page_id=7786"},"modified":"2025-08-16T12:24:35","modified_gmt":"2025-08-16T17:24:35","slug":"finanzas-con-proposito","status":"publish","type":"page","link":"https:\/\/soledadmartinezaparicio.com\/en\/finanzas-con-proposito\/","title":{"rendered":"Finanzas con prop\u00f3sito"},"content":{"rendered":"<div class=\"wpb-content-wrapper\">\n<div class=\"vc_row wpb_row vc_row-fluid title\">\n        <div class=\"wpb_column vc_column_container vc_col-sm-12\"><div class=\"vc_column-inner\"><div class=\"wpb_wrapper\">\n<div class=\"aea5d2f1c4608232e07d3aa3d998e5135 vc_empty_space\"\n         style=\"height: 64px\" >\n    <span class=\"vc_empty_space_inner\"><\/span>\n<\/div>\n<div class=\"vc_row wpb_row vc_inner vc_row-fluid\"><div class=\"wpb_column vc_column_container vc_col-sm-6\"><div class=\"vc_column-inner\"><div class=\"wpb_wrapper\">\n\t<div  class=\"wpb_single_image wpb_content_element vc_align_left  vc_custom_1755365068019  no-margin\">\n\t\t\n\t\t<figure class=\"wpb_wrapper vc_figure\">\n\t\t\t<div class=\"vc_single_image-wrapper   vc_box_border_grey\"><img decoding=\"async\" srcset=\"https:\/\/soledadmartinezaparicio.com\/wp-content\/uploads\/2025\/08\/EBOOK-FINANZAS-CON-PROPOSITO-1-1100x1640.jpg 2x\" class=\"vc_single_image-img\" src=\"https:\/\/soledadmartinezaparicio.com\/wp-content\/uploads\/2025\/08\/EBOOK-FINANZAS-CON-PROPOSITO-1-550x820.jpg\" width=\"550\" height=\"820\" alt=\"EBOOK - FINANZAS CON PROP\u00d3SITO (1)\" title=\"EBOOK - FINANZAS CON PROP\u00d3SITO (1)\" loading=\"lazy\" \/><\/div>\n\t\t<\/figure>\n\t<\/div>\n<\/div><\/div><\/div><div class=\"wpb_column vc_column_container vc_col-sm-6\"><div class=\"vc_column-inner\"><div class=\"wpb_wrapper\">\n\t<div class=\"wpb_text_column wpb_content_element\" >\n\t\t<div class=\"wpb_wrapper\">\n\t\t\t<h5 style=\"text-align: left;\">E-BOOK<\/h5>\n\n\t\t<\/div>\n\t<\/div>\n\n\t<div class=\"wpb_text_column wpb_content_element\" >\n\t\t<div class=\"wpb_wrapper\">\n\t\t\t<h3 style=\"text-align: left;\">FINANZAS CON PROP\u00d3SITO<\/h3>\n\n\t\t<\/div>\n\t<\/div>\n\n\t<div class=\"wpb_text_column wpb_content_element\" >\n\t\t<div class=\"wpb_wrapper\">\n\t\t\t<div class=\"stm_lms_udemy_headline\">\n<p>Una gu\u00eda transformadora que te ayudar\u00e1 a entender tu situaci\u00f3n financiera actual, tomar decisiones conscientes y construir un futuro econ\u00f3mico alineado con tus verdaderos sue\u00f1os. A trav\u00e9s de herramientas claras, ejercicios pr\u00e1cticos y una mirada honesta a tus h\u00e1bitos, aprender\u00e1s a tomar el control de tu dinero desde el coraz\u00f3n, sin culpas ni miedo.<br \/>\n<br data-start=\"623\" data-end=\"626\" \/>Este es el momento perfecto para comenzar a sanar tu relaci\u00f3n con el dinero.<br data-start=\"702\" data-end=\"705\" \/><strong data-start=\"705\" data-end=\"797\"><br \/>\nNo dejes pasar esta oportunidad de mejorar tu vida financiera con intenci\u00f3n y prop\u00f3sito.<\/strong><\/p>\n<\/div>\n<div class=\"single_product_after_title\">\n<div class=\"pull-left stm_lms_teachers\">\n<div class=\"meta-unit teacher clearfix\"><\/div>\n<\/div>\n<\/div>\n\n\t\t<\/div>\n\t<\/div>\n\n\t<div class=\"wpb_text_column wpb_content_element\" >\n\t\t<div class=\"wpb_wrapper\">\n\t\t\t<div class=\"stm_lms_udemy_headline\">\n<h6>Precio regular: $45<del>\u00a0USD<\/del><\/h6>\n<h4>Precio especial: $ 14.99 USD<\/h4>\n<\/div>\n<div class=\"single_product_after_title\">\n<div class=\"pull-left stm_lms_teachers\">\n<div class=\"meta-unit teacher clearfix\"><\/div>\n<\/div>\n<\/div>\n\n\t\t<\/div>\n\t<\/div>\n\n\n\t<div class=\"heading_font text-left  vc_custom_1755271160912 btn_number_87834\">\n\t\t<a href=\"https:\/\/apis.ropofy.com\/payment-link\/68645ad6ddc6a6021cc4f148\" class=\"btn btn-default btn-no-icon btn-normal-size\" title=\"adquiere tu e-book\" style=\"color:#ffffff; background-color:#3f0d0c; border-color:#3f0d0c;\" target=\"_blank\">\n\t\t\t\t\t\t<span class=\"link-title\" style=\"background-color:#3f0d0c;\">Adquiere tu e-book<\/span>\n\t\t<\/a>\n\t<\/div>\n\n<style>\n\t\t\t.btn_number_87834 .btn.btn-default:after {\n\t\t\tbackground-color: #ae8931;\n\t\t}\n\t\n\t\n\t\n\t\t\t.btn_number_87834 .icon-btn:hover .link-title {\n\t\t\tbackground-color: #ae8931 !important;\n\t\t}\n\t\n\t\t\t.btn_number_87834 .icon-btn:hover{\n\t\t\tborder-color: #ae8931 !important;\n\t\t}\n\t\t.btn_number_87834 .icon-btn:hover .icon_in_btn{\n\t\t\tcolor: #ae8931 !important;\n\t\t\tborder-color: #ae8931 !important;\n\t\t}\n\t\n<\/style>\n<\/div><\/div><\/div><\/div><\/div><\/div><\/div><\/div>\n\n<\/div>","protected":false},"excerpt":{"rendered":"E-BOOK FINANZAS CON PROP\u00d3SITO Una gu\u00eda transformadora que te ayudar\u00e1 a entender tu situaci\u00f3n financiera actual, tomar decisiones conscientes y construir un futuro econ\u00f3mico alineado con tus verdaderos sue\u00f1os. A trav\u00e9s de herramientas claras, ejercicios pr\u00e1cticos y una mirada honesta a tus h\u00e1bitos, aprender\u00e1s a tomar el control de tu dinero desde el coraz\u00f3n, sin [...]","protected":false},"author":240,"featured_media":0,"parent":0,"menu_order":0,"comment_status":"closed","ping_status":"closed","template":"","meta":{"_coblocks_attr":"","_coblocks_dimensions":"","_coblocks_responsive_height":"","_coblocks_accordion_ie_support":"","_joinchat":[],"footnotes":""},"class_list":["post-7786","page","type-page","status-publish","hentry"],"_links":{"self":[{"href":"https:\/\/soledadmartinezaparicio.com\/en\/wp-json\/wp\/v2\/pages\/7786","targetHints":{"allow":["GET"]}}],"collection":[{"href":"https:\/\/soledadmartinezaparicio.com\/en\/wp-json\/wp\/v2\/pages"}],"about":[{"href":"https:\/\/soledadmartinezaparicio.com\/en\/wp-json\/wp\/v2\/types\/page"}],"author":[{"embeddable":true,"href":"https:\/\/soledadmartinezaparicio.com\/en\/wp-json\/wp\/v2\/users\/240"}],"replies":[{"embeddable":true,"href":"https:\/\/soledadmartinezaparicio.com\/en\/wp-json\/wp\/v2\/comments?post=7786"}],"version-history":[{"count":9,"href":"https:\/\/soledadmartinezaparicio.com\/en\/wp-json\/wp\/v2\/pages\/7786\/revisions"}],"predecessor-version":[{"id":7799,"href":"https:\/\/soledadmartinezaparicio.com\/en\/wp-json\/wp\/v2\/pages\/7786\/revisions\/7799"}],"wp:attachment":[{"href":"https:\/\/soledadmartinezaparicio.com\/en\/wp-json\/wp\/v2\/media?parent=7786"}],"curies":[{"name":"wp","href":"https:\/\/api.w.org\/{rel}","templated":true}]}}